{"id":103,"date":"2013-12-02T22:15:44","date_gmt":"2013-12-02T22:15:44","guid":{"rendered":"http:\/\/www.escuela-ambrosio.cl\/portal\/?page_id=103"},"modified":"2017-04-17T18:30:39","modified_gmt":"2017-04-17T18:30:39","slug":"red-de-apoyo","status":"publish","type":"page","link":"https:\/\/www.escuela-ambrosio.cl\/portal\/red-de-apoyo\/","title":{"rendered":"Red de Apoyo"},"content":{"rendered":"<h2 style=\"text-align: center;\"><span style=\"color: #cc0000;\"><strong>Red de Apoyo.<\/strong><\/span><\/h2>\n<p><span style=\"color: #cc0000;\"><strong>Galyleo.<\/strong><\/span><\/p>\n<p style=\"text-align: justify;\"><a href=\"http:\/\/www.galyleo.net\/\" target=\"_blank\"><img loading=\"lazy\" decoding=\"async\" class=\"size-full wp-image-104 alignleft\" alt=\"galyleo\" src=\"https:\/\/www.escuela-ambrosio.cl\/portal\/wp-content\/uploads\/galyleo.png\" width=\"180\" height=\"53\" \/><\/a>Galyleo es una empresa con el prop\u00f3sito de fortalecer el proceso de ense\u00f1anza y aprendizaje en todos los niveles de la educaci\u00f3n y de apoyar la gesti\u00f3n de instituciones educacionales.<\/p>\n<p>El A\u00f1o 2007 Galyleo, como empresa dedicada a la innovaci\u00f3n en educaci\u00f3n, se hizo acreedora al premio 10 Emprendimientos Din\u00e1micos entregado por Innova Chile de CORFO, y el a\u00f1o 2009 se adjudica la L\u00ednea de financiamiento Capital Semilla entregada tambi\u00e9n por Innova Chile de CORFO. (Premio City 2010).<\/p>\n<p>Actualmente Galyleo est\u00e1 presente en var\u00edas universidades e institutos de formaci\u00f3n t\u00e9cnica y profesional en Chile y el extranjero.<\/p>\n<p style=\"text-align: justify;\"><strong><span style=\"color: #cc0000;\">World Vision Chile.<\/span><\/strong><\/p>\n<p style=\"text-align: justify;\"><a href=\"http:\/\/www.worldvision.cl\" target=\"_blank\"><img loading=\"lazy\" decoding=\"async\" class=\"size-full wp-image-105 alignleft\" alt=\"worldvision\" src=\"https:\/\/www.escuela-ambrosio.cl\/portal\/wp-content\/uploads\/worldvision.png\" width=\"180\" height=\"53\" \/><\/a>World Vision est\u00e1 en Chile desde 1980, promoviendo acciones educativas y de desarrollo en conjunto con las comunidades m\u00e1s pobres y marginadas del pa\u00eds. En los primeros a\u00f1os, debido a la coyuntura econ\u00f3mica, el trabajo era principalmente asistencial, posteriormente se impulsaron programas mixtos que incorporaban lo productivo, principalmente la capacitaci\u00f3n vocacional.<\/p>\n<p>En 1993 se inici\u00f3 el levantamiento de fondos con donantes chilenos y en 1995 se comenz\u00f3 a impulsar el Modelo de Desarrollo Transformador Sostenible.<\/p>\n<p>Actualmente, se est\u00e1n ejecutando 16 Programas de Desarrollo los cuales benefician a cerca de 27 mil ni\u00f1os y ni\u00f1as, con un total aproximado de 120.000 beneficiarios indirectos. Estos proyectos promueven el desarrollo de ni\u00f1os, ni\u00f1as, sus familias y comunidades.<\/p>\n<p style=\"text-align: justify;\"><span style=\"color: #cc0000;\"><strong>Cicat.<\/strong><\/span><\/p>\n<p style=\"text-align: justify;\"><a href=\"http:\/\/www.cicat.cl\" target=\"_blank\"><img loading=\"lazy\" decoding=\"async\" class=\"size-full wp-image-106 alignleft\" alt=\"cicat\" src=\"https:\/\/www.escuela-ambrosio.cl\/portal\/wp-content\/uploads\/cicat.png\" width=\"254\" height=\"84\" \/><\/a>El Centro de Interactivo de Ciencias, Artes y Tecnolog\u00eda (CICAT), es un proyecto multi institucional que se hizo realidad gracias a la Universidad de Concepci\u00f3n, el Gobierno Regional, el Ministerio de Educaci\u00f3n, la Municipalidad de Coronel, CONICYT y el Museo Interactivo Mirador, MIM. Desde la apertura en enero de 2010 han beneficiado a miles de escolares promoviendo la valoraci\u00f3n de las ciencias y la tecnolog\u00eda.<\/p>\n<p>Est\u00e1 ubicado en la comuna de Coronel e invitan a vivir pr\u00e1cticas ligadas a las ciencias, el arte y a tecnolog\u00eda en un espacio de 2.850 m\u00b2 divididos en m\u00faltiples salas dirigidas a diversas exposiciones, cursos y talleres.<\/p>\n<p style=\"text-align: justify;\"><strong><span style=\"color: #cc0000;\">Carabineros.<\/span><\/strong><\/p>\n<p style=\"text-align: justify;\"><a href=\"http:\/\/www.carabineros.cl\" target=\"_blank\"><img loading=\"lazy\" decoding=\"async\" class=\"size-full wp-image-107 alignleft\" alt=\"carabineros\" src=\"https:\/\/www.escuela-ambrosio.cl\/portal\/wp-content\/uploads\/carabineros.png\" width=\"110\" height=\"100\" \/><\/a>Carabineros de Chile es una instituci\u00f3n de polic\u00eda uniformada que tiene car\u00e1cter militar. Creada el 27 de abril de 1927, su nombre deriva de los cuerpos de caballer\u00eda que portaban un arma denominada carabina. Su lema es \u201cOrden y Patria\u201d y su s\u00edmbolo dos carabinas cruzadas. Originalmente llamado Cuerpo de Carabineros, es la instituci\u00f3n encargada de salvaguardar la soberan\u00eda y el orden p\u00fablico, cumplir y hacer cumplir las leyes a trav\u00e9s de su mandato Constitucional. A partir de febrero de 2011, la instituci\u00f3n pas\u00f3 a ser dependiente directamente del Ministerio del Interior, pero todav\u00eda tiene la naturaleza militar.<\/p>\n","protected":false},"excerpt":{"rendered":"<p>Red de Apoyo. Galyleo. Galyleo es una empresa con el prop\u00f3sito de fortalecer el proceso de ense\u00f1anza y aprendizaje en todos los niveles de la educaci\u00f3n y de apoyar la <a class=\"more-link\" href=\"https:\/\/www.escuela-ambrosio.cl\/portal\/red-de-apoyo\/\">Continue Reading \u2192<\/a><\/p>\n","protected":false},"author":1,"featured_media":0,"parent":0,"menu_order":0,"comment_status":"closed","ping_status":"closed","template":"","meta":{"footnotes":""},"class_list":["post-103","page","type-page","status-publish","hentry"],"_links":{"self":[{"href":"https:\/\/www.escuela-ambrosio.cl\/portal\/wp-json\/wp\/v2\/pages\/103","targetHints":{"allow":["GET"]}}],"collection":[{"href":"https:\/\/www.escuela-ambrosio.cl\/portal\/wp-json\/wp\/v2\/pages"}],"about":[{"href":"https:\/\/www.escuela-ambrosio.cl\/portal\/wp-json\/wp\/v2\/types\/page"}],"author":[{"embeddable":true,"href":"https:\/\/www.escuela-ambrosio.cl\/portal\/wp-json\/wp\/v2\/users\/1"}],"replies":[{"embeddable":true,"href":"https:\/\/www.escuela-ambrosio.cl\/portal\/wp-json\/wp\/v2\/comments?post=103"}],"version-history":[{"count":3,"href":"https:\/\/www.escuela-ambrosio.cl\/portal\/wp-json\/wp\/v2\/pages\/103\/revisions"}],"predecessor-version":[{"id":3558,"href":"https:\/\/www.escuela-ambrosio.cl\/portal\/wp-json\/wp\/v2\/pages\/103\/revisions\/3558"}],"wp:attachment":[{"href":"https:\/\/www.escuela-ambrosio.cl\/portal\/wp-json\/wp\/v2\/media?parent=103"}],"curies":[{"name":"wp","href":"https:\/\/api.w.org\/{rel}","templated":true}]}}