{"id":26,"date":"2013-11-27T00:20:17","date_gmt":"2013-11-27T00:20:17","guid":{"rendered":"http:\/\/www.escuela-ambrosio.cl\/portal\/?page_id=26"},"modified":"2018-12-31T22:22:19","modified_gmt":"2018-12-31T22:22:19","slug":"talleres","status":"publish","type":"page","link":"https:\/\/www.escuela-ambrosio.cl\/portal\/talleres\/","title":{"rendered":"Talleres"},"content":{"rendered":"<h2 style=\"text-align: center;\"><span style=\"color: #187bc9;\">Listado de Talleres Extraprogram\u00e1ticos.<\/span><\/h2>\n<p><span style=\"color: #187bc9;\"><strong>Taller de Atletismo.<\/strong><\/span><\/p>\n<p><img loading=\"lazy\" decoding=\"async\" class=\"alignleft wp-image-2782 size-full\" src=\"https:\/\/www.escuela-ambrosio.cl\/portal\/wp-content\/uploads\/atletismo-01.jpg\" alt=\"atletismo-01\" height=\"69\" width=\"133\"><img loading=\"lazy\" decoding=\"async\" class=\"alignleft wp-image-2783 size-full\" src=\"https:\/\/www.escuela-ambrosio.cl\/portal\/wp-content\/uploads\/atletismo-02.png\" alt=\"taller-atletismo-02\" height=\"69\" width=\"133\"><img loading=\"lazy\" decoding=\"async\" class=\"alignleft wp-image-2784 size-full\" src=\"https:\/\/www.escuela-ambrosio.cl\/portal\/wp-content\/uploads\/atletismo-03.png\" alt=\"taller-atletismo-03\" height=\"69\" width=\"133\"><u>Monitora<\/u>: Yanitza.<\/p>\n<p><u>Horario<\/u>: Por Confirmar.<br \/>\n&nbsp;<\/p>\n<p><span style=\"color: #187bc9;\"><strong>Taller Deportivo.<\/strong><\/span><\/p>\n<p><img loading=\"lazy\" decoding=\"async\" class=\"size-full wp-image-8 alignleft\" src=\"https:\/\/www.escuela-ambrosio.cl\/portal\/wp-content\/uploads\/futbol.png\" alt=\"futbol\" height=\"69\" width=\"133\"><img loading=\"lazy\" decoding=\"async\" class=\"size-full wp-image-9 alignleft\" src=\"https:\/\/www.escuela-ambrosio.cl\/portal\/wp-content\/uploads\/basquetbol.png\" alt=\"basquetbol\" height=\"69\" width=\"133\"><img loading=\"lazy\" decoding=\"async\" class=\"alignleft wp-image-10 size-full\" src=\"https:\/\/www.escuela-ambrosio.cl\/portal\/wp-content\/uploads\/tenis-de-mesa.png\" alt=\"tenis-de-mesa\" height=\"69\" width=\"133\"><u>Monitor<\/u>: Victor Ram\u00edrez Benitez.<\/p>\n<p><u>Horario<\/u>: Por Confirmar.<\/p>\n<p>&nbsp;<\/p>\n<p><span style=\"color: #187bc9;\"><strong>Taller Pichikeche Kim\u00fcn.<\/strong><\/span><\/p>\n<p><img loading=\"lazy\" decoding=\"async\" class=\"size-full wp-image-8 alignleft\" src=\"https:\/\/www.escuela-ambrosio.cl\/portal\/wp-content\/uploads\/originario-01.png\" alt=\"Mapuche\" height=\"69\" width=\"133\"><img loading=\"lazy\" decoding=\"async\" class=\"size-full wp-image-9 alignleft\" src=\"https:\/\/www.escuela-ambrosio.cl\/portal\/wp-content\/uploads\/originario-02.png\" alt=\"mapuche\" height=\"69\" width=\"133\"><img loading=\"lazy\" decoding=\"async\" class=\"alignleft wp-image-10 size-full\" src=\"https:\/\/www.escuela-ambrosio.cl\/portal\/wp-content\/uploads\/originario-03.png\" alt=\"mapuche\" height=\"69\" width=\"133\"><u>Monitora<\/u>: Maria Jose Gallegos.<\/p>\n<p><u>Horario<\/u>: Por Confirmar.<\/p>\n<p>&nbsp;<br \/>\n<span style=\"color: #187bc9;\"><strong>Taller de Computaci\u00f3n.<\/strong><\/span><\/p>\n<p><img loading=\"lazy\" decoding=\"async\" class=\"alignleft wp-image-2782 size-full\" src=\"https:\/\/www.escuela-ambrosio.cl\/portal\/wp-content\/uploads\/taller-computacion-01.png\" alt=\"taller-computacion-01\" height=\"69\" width=\"133\"><img loading=\"lazy\" decoding=\"async\" class=\"alignleft wp-image-2783 size-full\" src=\"https:\/\/www.escuela-ambrosio.cl\/portal\/wp-content\/uploads\/taller-computacion-02.png\" alt=\"taller-computacion-02\" height=\"69\" width=\"133\"><img loading=\"lazy\" decoding=\"async\" class=\"alignleft wp-image-2784 size-full\" src=\"https:\/\/www.escuela-ambrosio.cl\/portal\/wp-content\/uploads\/taller-computacion-03.png\" alt=\"taller-computacion-03\" height=\"69\" width=\"133\"><u>Monitor<\/u>: Alfredo Z\u00fa\u00f1iga L.<\/p>\n<p><u>Horario<\/u>: Por confirmar.<br \/>\n&nbsp;<\/p>\n<p><strong><span style=\"color: #187bc9;\">Taller de Reciclaje.<\/span><\/strong><\/p>\n<p><img loading=\"lazy\" decoding=\"async\" class=\"size-full wp-image-17 alignleft\" src=\"https:\/\/www.escuela-ambrosio.cl\/portal\/wp-content\/uploads\/basurero-1.png\" alt=\"danza_chilena1\" height=\"69\" width=\"133\"><img loading=\"lazy\" decoding=\"async\" class=\"size-full wp-image-18 alignleft\" src=\"https:\/\/www.escuela-ambrosio.cl\/portal\/wp-content\/uploads\/basurero-2.png\" alt=\"danza_chilena2\" height=\"69\" width=\"133\"><img loading=\"lazy\" decoding=\"async\" class=\"size-full wp-image-19 alignleft\" src=\"https:\/\/www.escuela-ambrosio.cl\/portal\/wp-content\/uploads\/basurero-3.png\" alt=\"danza_chilena3\" height=\"69\" width=\"133\"><u>Monitora<\/u>: Camen Saez Somoza.<\/p>\n<p><u>Horario<\/u>: Por Confirmar.<\/p>\n<p>&nbsp;<br \/>\n<strong><span style=\"color: #187bc9;\">Taller de Arte Corporal.<\/span><\/strong><\/p>\n<p><img loading=\"lazy\" decoding=\"async\" class=\"size-full wp-image-17 alignleft\" src=\"https:\/\/www.escuela-ambrosio.cl\/portal\/wp-content\/uploads\/baile1.png\" alt=\"danza_chilena1\" height=\"69\" width=\"133\"><img loading=\"lazy\" decoding=\"async\" class=\"size-full wp-image-18 alignleft\" src=\"https:\/\/www.escuela-ambrosio.cl\/portal\/wp-content\/uploads\/baile2.png\" alt=\"danza_chilena2\" height=\"69\" width=\"133\"><img loading=\"lazy\" decoding=\"async\" class=\"size-full wp-image-19 alignleft\" src=\"https:\/\/www.escuela-ambrosio.cl\/portal\/wp-content\/uploads\/baile3.png\" alt=\"danza_chilena3\" height=\"69\" width=\"133\"><u>Monitora<\/u>: Yuridia Vera Fuentes.<\/p>\n<p><u>Horario<\/u>: Por Confirmar.<\/p>\n<p>&nbsp;<\/p>\n<p><strong><span style=\"color: #187bc9;\">Taller de Cheerleader.<\/span><\/strong><\/p>\n<p><img loading=\"lazy\" decoding=\"async\" class=\"size-full wp-image-17 alignleft\" src=\"https:\/\/www.escuela-ambrosio.cl\/portal\/wp-content\/uploads\/cheer1.png\" alt=\"danza_chilena1\" height=\"69\" width=\"133\"><img loading=\"lazy\" decoding=\"async\" class=\"size-full wp-image-18 alignleft\" src=\"https:\/\/www.escuela-ambrosio.cl\/portal\/wp-content\/uploads\/cheer2.png\" height=\"69\" width=\"133\"><img loading=\"lazy\" decoding=\"async\" class=\"size-full wp-image-19 alignleft\" src=\"https:\/\/www.escuela-ambrosio.cl\/portal\/wp-content\/uploads\/cheer3.png\" alt=\"danza_chilena3\" height=\"69\" width=\"133\"><u>Monitor<\/u>: Bryan Andr\u00e9s C.<\/p>\n<p><u>Horario<\/u>: Por Confirmar.<\/p>\n<p>&nbsp;<br \/>\n<strong><span style=\"color: #187bc9;\">Taller de Ingl\u00e9s (English Workshop).<\/span><\/strong><\/p>\n<p><img loading=\"lazy\" decoding=\"async\" class=\"size-full wp-image-17 alignleft\" src=\"https:\/\/www.escuela-ambrosio.cl\/portal\/wp-content\/uploads\/english1.png\" alt=\"danza_chilena1\" height=\"69\" width=\"133\"><img loading=\"lazy\" decoding=\"async\" class=\"size-full wp-image-18 alignleft\" src=\"https:\/\/www.escuela-ambrosio.cl\/portal\/wp-content\/uploads\/english2.png\" height=\"69\" width=\"133\"><img loading=\"lazy\" decoding=\"async\" class=\"size-full wp-image-19 alignleft\" src=\"https:\/\/www.escuela-ambrosio.cl\/portal\/wp-content\/uploads\/english3.png\" alt=\"danza_chilena3\" height=\"69\" width=\"133\"><u>Monitora<\/u>: Camen Saez Somoza.<\/p>\n<p><u>Horario<\/u>: Por Confirmar.<\/p>\n<p>&nbsp;<br \/>\n<strong><span style=\"color: #187bc9;\">Taller de M\u00fasica.<\/span><\/strong><\/p>\n<p><img loading=\"lazy\" decoding=\"async\" class=\"size-full wp-image-23 alignleft\" src=\"https:\/\/www.escuela-ambrosio.cl\/portal\/wp-content\/uploads\/folk1.png\" alt=\"folk1\" height=\"69\" width=\"133\"><img loading=\"lazy\" decoding=\"async\" class=\"size-full wp-image-24 alignleft\" src=\"https:\/\/www.escuela-ambrosio.cl\/portal\/wp-content\/uploads\/folk2.png\" alt=\"folk2\" height=\"69\" width=\"133\"><img loading=\"lazy\" decoding=\"async\" class=\"size-full wp-image-25 alignleft\" src=\"https:\/\/www.escuela-ambrosio.cl\/portal\/wp-content\/uploads\/folk3.png\" alt=\"folk3\" height=\"69\" width=\"133\"><u>Monitor<\/u>: Jord\u00e1n Torres Toloza.<\/p>\n<p><u>Horario<\/u>: Por confirmar.<\/p>\n","protected":false},"excerpt":{"rendered":"<p>Listado de Talleres Extraprogram\u00e1ticos. Taller de Atletismo. Monitora: Yanitza. Horario: Por Confirmar. &nbsp; Taller Deportivo. Monitor: Victor Ram\u00edrez Benitez. Horario: Por Confirmar. &nbsp; Taller Pichikeche Kim\u00fcn. Monitora: Maria Jose Gallegos. <a class=\"more-link\" href=\"https:\/\/www.escuela-ambrosio.cl\/portal\/talleres\/\">Continue Reading \u2192<\/a><\/p>\n","protected":false},"author":1,"featured_media":0,"parent":0,"menu_order":0,"comment_status":"closed","ping_status":"closed","template":"","meta":{"footnotes":""},"class_list":["post-26","page","type-page","status-publish","hentry"],"_links":{"self":[{"href":"https:\/\/www.escuela-ambrosio.cl\/portal\/wp-json\/wp\/v2\/pages\/26","targetHints":{"allow":["GET"]}}],"collection":[{"href":"https:\/\/www.escuela-ambrosio.cl\/portal\/wp-json\/wp\/v2\/pages"}],"about":[{"href":"https:\/\/www.escuela-ambrosio.cl\/portal\/wp-json\/wp\/v2\/types\/page"}],"author":[{"embeddable":true,"href":"https:\/\/www.escuela-ambrosio.cl\/portal\/wp-json\/wp\/v2\/users\/1"}],"replies":[{"embeddable":true,"href":"https:\/\/www.escuela-ambrosio.cl\/portal\/wp-json\/wp\/v2\/comments?post=26"}],"version-history":[{"count":135,"href":"https:\/\/www.escuela-ambrosio.cl\/portal\/wp-json\/wp\/v2\/pages\/26\/revisions"}],"predecessor-version":[{"id":4773,"href":"https:\/\/www.escuela-ambrosio.cl\/portal\/wp-json\/wp\/v2\/pages\/26\/revisions\/4773"}],"wp:attachment":[{"href":"https:\/\/www.escuela-ambrosio.cl\/portal\/wp-json\/wp\/v2\/media?parent=26"}],"curies":[{"name":"wp","href":"https:\/\/api.w.org\/{rel}","templated":true}]}}