{"id":333,"date":"2013-12-09T13:20:28","date_gmt":"2013-12-09T13:20:28","guid":{"rendered":"http:\/\/www.escuela-ambrosio.cl\/portal\/?page_id=333"},"modified":"2017-04-17T18:00:57","modified_gmt":"2017-04-17T18:00:57","slug":"2o-lugar-en-simce-comunal-2011","status":"publish","type":"page","link":"https:\/\/www.escuela-ambrosio.cl\/portal\/2o-lugar-en-simce-comunal-2011\/","title":{"rendered":"2\u00ba Lugar en Simce Comunal 2011"},"content":{"rendered":"<h2 style=\"text-align: center;\"><span style=\"color: #cc0000;\"><strong>2\u00ba Lugar en Simce Comunal 2011.<\/strong><\/span><\/h2>\n<p style=\"text-align: justify;\">Es importante que al revizar los puntajes obtenidos desde el 2008 al 2011 se observe que estos han ido en una escala ascendente partiendo en el 2008 con un promedio de 236 y con un resultado del 2011 de 273 puntos de promedio de las tres asignaturas correspondientes al 4 a\u00f1o.<\/p>\n<p>El ministerio de educacion en vista de estos resultados en el a\u00f1o 2011 declar\u00f3 a la escuela como aut\u00f3noma y por segunda vez consecutiva para el a\u00f1o 2014 (que ha cumplido con las metas establecidas por el ministerio, bajo su sistema de evaluaci\u00f3n).<\/p>\n<p><img loading=\"lazy\" decoding=\"async\" class=\"size-full wp-image-335 aligncenter\" alt=\"tabla_simce-2011\" src=\"https:\/\/www.escuela-ambrosio.cl\/portal\/wp-content\/uploads\/tabla_simce-2011.png\" width=\"648\" height=\"192\" srcset=\"https:\/\/www.escuela-ambrosio.cl\/portal\/wp-content\/uploads\/tabla_simce-2011.png 648w, https:\/\/www.escuela-ambrosio.cl\/portal\/wp-content\/uploads\/tabla_simce-2011-300x88.png 300w\" sizes=\"auto, (max-width: 648px) 100vw, 648px\" \/><\/p>\n<p><img loading=\"lazy\" decoding=\"async\" class=\"size-full wp-image-334 aligncenter\" alt=\"tabla_semce-2011\" src=\"https:\/\/www.escuela-ambrosio.cl\/portal\/wp-content\/uploads\/tabla_semce-2011.png\" width=\"535\" height=\"378\" srcset=\"https:\/\/www.escuela-ambrosio.cl\/portal\/wp-content\/uploads\/tabla_semce-2011.png 535w, https:\/\/www.escuela-ambrosio.cl\/portal\/wp-content\/uploads\/tabla_semce-2011-300x211.png 300w\" sizes=\"auto, (max-width: 535px) 100vw, 535px\" \/><\/p>\n<h6><em>* Fuente: Agencia de Calidad de la Educaci\u00f3n.<\/em><\/h6>\n","protected":false},"excerpt":{"rendered":"<p>2\u00ba Lugar en Simce Comunal 2011. Es importante que al revizar los puntajes obtenidos desde el 2008 al 2011 se observe que estos han ido en una escala ascendente partiendo <a class=\"more-link\" href=\"https:\/\/www.escuela-ambrosio.cl\/portal\/2o-lugar-en-simce-comunal-2011\/\">Continue Reading \u2192<\/a><\/p>\n","protected":false},"author":1,"featured_media":0,"parent":0,"menu_order":0,"comment_status":"closed","ping_status":"closed","template":"","meta":{"footnotes":""},"class_list":["post-333","page","type-page","status-publish","hentry"],"_links":{"self":[{"href":"https:\/\/www.escuela-ambrosio.cl\/portal\/wp-json\/wp\/v2\/pages\/333","targetHints":{"allow":["GET"]}}],"collection":[{"href":"https:\/\/www.escuela-ambrosio.cl\/portal\/wp-json\/wp\/v2\/pages"}],"about":[{"href":"https:\/\/www.escuela-ambrosio.cl\/portal\/wp-json\/wp\/v2\/types\/page"}],"author":[{"embeddable":true,"href":"https:\/\/www.escuela-ambrosio.cl\/portal\/wp-json\/wp\/v2\/users\/1"}],"replies":[{"embeddable":true,"href":"https:\/\/www.escuela-ambrosio.cl\/portal\/wp-json\/wp\/v2\/comments?post=333"}],"version-history":[{"count":6,"href":"https:\/\/www.escuela-ambrosio.cl\/portal\/wp-json\/wp\/v2\/pages\/333\/revisions"}],"predecessor-version":[{"id":3547,"href":"https:\/\/www.escuela-ambrosio.cl\/portal\/wp-json\/wp\/v2\/pages\/333\/revisions\/3547"}],"wp:attachment":[{"href":"https:\/\/www.escuela-ambrosio.cl\/portal\/wp-json\/wp\/v2\/media?parent=333"}],"curies":[{"name":"wp","href":"https:\/\/api.w.org\/{rel}","templated":true}]}}