{"id":3516,"date":"2017-04-17T12:12:35","date_gmt":"2017-04-17T12:12:35","guid":{"rendered":"http:\/\/www.escuela-ambrosio.cl\/portal\/?page_id=3516"},"modified":"2025-08-26T14:40:06","modified_gmt":"2025-08-26T14:40:06","slug":"difusion-en-tv","status":"publish","type":"page","link":"https:\/\/www.escuela-ambrosio.cl\/portal\/difusion-en-tv\/","title":{"rendered":"Difusi\u00f3n en TV"},"content":{"rendered":"<h2 style=\"text-align: center;\"><span style=\"color: #cc0000;\"><strong>Difusi\u00f3n en TV.<\/strong><\/span><\/h2>\n<p><span style=\"color: #cc0000;\"><strong>Nuestra Radio Qui\u00f1enco en Concepci\u00f3n TV.<\/strong><\/span><img loading=\"lazy\" decoding=\"async\" class=\"alignright wp-image-939 size-full\" src=\"https:\/\/www.escuela-ambrosio.cl\/portal\/wp-content\/uploads\/difusion-en-tv-conce.jpg\" alt=\"\" width=\"300\" height=\"173\"><\/p>\n<p style=\"text-align: justify;\">A continuaci\u00f3n compartimos una entrevista donde difunden nuestra Radio Qui\u00f1enco en el programa Matinal Tu Ma\u00f1ana en Concepci\u00f3n TV, taller guiado por&#8230;<br \/>\n<a href=\"https:\/\/www.escuela-ambrosio.cl\/portal\/nuestra-radio-quinenco-en-concepcion-tv\/\" target=\"_blank\" rel=\"noopener\">&lt;&lt; M\u00e1s informaci\u00f3n &gt;&gt;<\/a><\/p>\n<p>&nbsp;<br \/>\n&nbsp;<\/p>\n<p><span style=\"color: #cc0000;\"><strong>Reportaje de Lanzamiento Radio Qui\u00f1enco.<\/strong><\/span><img loading=\"lazy\" decoding=\"async\" class=\"alignright wp-image-939 size-full\" src=\"https:\/\/www.escuela-ambrosio.cl\/portal\/wp-content\/uploads\/reportaje-tv.jpg\" alt=\"\" width=\"300\" height=\"173\"><\/p>\n<p style=\"text-align: justify;\">Hace algunos d\u00edas en el Lanzamiento de nuestra Radio Qui\u00f1enco (jueves 2 de diciembre de 2021), el Programa Promuevete del canal +TV de nuestra comuna realiz\u00f3 un extenso reportaje sobre la creaci\u00f3n de la radio, registro que compartiremos a continuaci\u00f3n&#8230;<br \/>\n<a href=\"https:\/\/www.escuela-ambrosio.cl\/portal\/reportaje-de-lanzamiento-radio-quinenco\/\" target=\"_blank\" rel=\"noopener\">&lt;&lt; M\u00e1s informaci\u00f3n &gt;&gt;<\/a><\/p>\n<p>&nbsp;<br \/>\n&nbsp;<br \/>\n<span style=\"color: #cc0000;\"><strong>Programa RUTA ODS 2030.<\/strong><\/span><img loading=\"lazy\" decoding=\"async\" class=\"alignright wp-image-939 size-full\" src=\"https:\/\/www.escuela-ambrosio.cl\/portal\/wp-content\/uploads\/RutaODS_tv.jpg\" alt=\"\" width=\"300\" height=\"173\"><\/p>\n<p style=\"text-align: justify;\">Participaci\u00f3n de nuestra unidad educativa en el programa RUTA ODS 2030 para conocer los Objetivos de Desarrollo Sostenible en el cumplimiento de la Agenda 2030 establecida por la ONU. La entrevista la realiz\u00f3 el Sr. Gonzalo Correa Mora uno de los Lideres Ciudadanos&#8230;<br \/>\n<a href=\"https:\/\/www.escuela-ambrosio.cl\/portal\/programa-ruta-ods-2030\/\" target=\"_blank\" rel=\"noopener\">&lt;&lt; M\u00e1s informaci\u00f3n &gt;&gt;<\/a><\/p>\n<p>&nbsp;<br \/>\n&nbsp;<br \/>\n<span style=\"color: #cc0000;\"><strong>Programa Aprendiendo Juntos Tele Educa Coronel.<\/strong><\/span><img loading=\"lazy\" decoding=\"async\" class=\"alignright wp-image-939 size-full\" src=\"https:\/\/www.escuela-ambrosio.cl\/portal\/wp-content\/uploads\/Difusion-TeleEduca.jpg\" alt=\"\" width=\"300\" height=\"173\"><\/p>\n<p style=\"text-align: justify;\">El d\u00eda Lunes 31 de Agosto de 2020 y por las pantallas del Canal Tvm\u00e1s, se llev\u00f3 a cabo el programa APRENDIENDO JUNTOS, Tele Educa Coronel desde nuestra Escuela, en \u00e9l estuvieron presente las siguientes personas: Sra Yasm\u00edn Garrido D\u00edaz (Directora), Srita Sharon Gaete Rojas&#8230;<br \/>\n<a href=\"https:\/\/www.escuela-ambrosio.cl\/portal\/programa-aprendiendo-juntos-tele-educa-coronel\/\" target=\"_blank\" rel=\"noopener\">&lt;&lt; M\u00e1s informaci\u00f3n &gt;&gt;<\/a><\/p>\n<p>&nbsp;<br \/>\n&nbsp;<br \/>\n<span style=\"color: #cc0000;\"><strong>Comercial Escuela Ambrosio O\u2019Higgins (Spot).<\/strong><\/span><img loading=\"lazy\" decoding=\"async\" class=\"alignright wp-image-939 size-full\" src=\"https:\/\/www.escuela-ambrosio.cl\/portal\/wp-content\/uploads\/difusion-spot.jpg\" alt=\"\" width=\"300\" height=\"173\"><\/p>\n<p style=\"text-align: justify;\">Entre Diciembre de 2015 y Enero de 2016, nuestra Escuela a trav\u00e9s del Departamento de Educaci\u00f3n de Coronel en conjunto con los establecimientos municipalidados de la comuna y Canal Zonal, crearon un peque\u00f1o spot en donde mostraron los avances y actividades de cada Escuela.<br \/>\n<a href=\"https:\/\/www.escuela-ambrosio.cl\/portal\/comercial-escuela-ambrosio-ohiggins-spot\/\" target=\"_blank\" rel=\"noopener\">&lt;&lt; M\u00e1s informaci\u00f3n &gt;&gt;<\/a><\/p>\n<p>&nbsp;<br \/>\n&nbsp;<br \/>\n<strong><span style=\"color: #cc0000;\">Programa DemTV.<\/span><\/strong><img loading=\"lazy\" decoding=\"async\" class=\"alignright wp-image-947 size-full\" src=\"https:\/\/www.escuela-ambrosio.cl\/portal\/wp-content\/uploads\/difusion-dem-tv.jpg\" alt=\"\" width=\"300\" height=\"173\"><\/p>\n<p style=\"text-align: justify;\">El canal TVM\u00e1s de Coronel en conjunto con el Departamento de Educaci\u00f3n idearon un programa el a\u00f1o 2013 para mostrar y dar a conocer todos los establecimientos municipales de la comuna, en ese contexto nuestra Escuela particip\u00f3 de las grabaciones que fueron mostradas el d\u00eda Martes 03 de Diciembre de 2013 en el canal TvM\u00e1s.<\/p>\n<p><a href=\"https:\/\/www.escuela-ambrosio.cl\/portal\/programa-demtv\/\" target=\"_blank\" rel=\"noopener\">&lt;&lt; M\u00e1s informaci\u00f3n &gt;&gt;<\/a><\/p>\n<p>&nbsp;<\/p>\n<p>&nbsp;<\/p>\n","protected":false},"excerpt":{"rendered":"<p>Difusi\u00f3n en TV. Nuestra Radio Qui\u00f1enco en Concepci\u00f3n TV. A continuaci\u00f3n compartimos una entrevista donde difunden nuestra Radio Qui\u00f1enco en el programa Matinal Tu Ma\u00f1ana en Concepci\u00f3n TV, taller guiado <a class=\"more-link\" href=\"https:\/\/www.escuela-ambrosio.cl\/portal\/difusion-en-tv\/\">Continue Reading \u2192<\/a><\/p>\n","protected":false},"author":1,"featured_media":0,"parent":0,"menu_order":0,"comment_status":"closed","ping_status":"closed","template":"","meta":{"footnotes":""},"class_list":["post-3516","page","type-page","status-publish","hentry"],"_links":{"self":[{"href":"https:\/\/www.escuela-ambrosio.cl\/portal\/wp-json\/wp\/v2\/pages\/3516","targetHints":{"allow":["GET"]}}],"collection":[{"href":"https:\/\/www.escuela-ambrosio.cl\/portal\/wp-json\/wp\/v2\/pages"}],"about":[{"href":"https:\/\/www.escuela-ambrosio.cl\/portal\/wp-json\/wp\/v2\/types\/page"}],"author":[{"embeddable":true,"href":"https:\/\/www.escuela-ambrosio.cl\/portal\/wp-json\/wp\/v2\/users\/1"}],"replies":[{"embeddable":true,"href":"https:\/\/www.escuela-ambrosio.cl\/portal\/wp-json\/wp\/v2\/comments?post=3516"}],"version-history":[{"count":12,"href":"https:\/\/www.escuela-ambrosio.cl\/portal\/wp-json\/wp\/v2\/pages\/3516\/revisions"}],"predecessor-version":[{"id":7808,"href":"https:\/\/www.escuela-ambrosio.cl\/portal\/wp-json\/wp\/v2\/pages\/3516\/revisions\/7808"}],"wp:attachment":[{"href":"https:\/\/www.escuela-ambrosio.cl\/portal\/wp-json\/wp\/v2\/media?parent=3516"}],"curies":[{"name":"wp","href":"https:\/\/api.w.org\/{rel}","templated":true}]}}