{"id":3521,"date":"2017-04-17T12:15:54","date_gmt":"2017-04-17T12:15:54","guid":{"rendered":"http:\/\/www.escuela-ambrosio.cl\/portal\/?page_id=3521"},"modified":"2017-04-17T12:15:54","modified_gmt":"2017-04-17T12:15:54","slug":"comercial-escuela-ambrosio-ohiggins-spot","status":"publish","type":"page","link":"https:\/\/www.escuela-ambrosio.cl\/portal\/comercial-escuela-ambrosio-ohiggins-spot\/","title":{"rendered":"Comercial Escuela Ambrosio O\u2019Higgins (Spot)"},"content":{"rendered":"<h2 style=\"text-align: center;\"><span style=\"color: #cc0000;\"><strong>Comercial Escuela Ambrosio O\u2019Higgins (Spot).<\/strong><\/span><\/h2>\n<p style=\"text-align: justify;\">Entre Diciembre de 2015 y Enero de 2016, nuestra Escuela a trav\u00e9s del Departamento de Educaci\u00f3n de Coronel en conjunto con los establecimientos municipalidados de la comuna y Canal Zonal, crearon un peque\u00f1o spot en donde mostraron los avances y actividades de cada Escuela.<\/p>\n<p style=\"text-align: justify;\">En nuestro caso se mostraron los diferentes tipos de talleres, en los que destacan, los ecol\u00f3gicos de caracter sustentable al ser una Escuela certificada Medioambiental, y a su vez se mostraron los equipamientos utilizados por los estudiantes (laboratorio de ciencias, laboratorio de enlaces, biblioteca, amplios patios e infraestructura), entre otras cosas de inter\u00e9s.<\/p>\n<p><center><iframe loading=\"lazy\" width=\"560\" height=\"315\" src=\"https:\/\/www.youtube.com\/embed\/SPcMfZWfrsc?rel=0&amp;showinfo=0\" frameborder=\"0\" allowfullscreen><\/iframe><\/center><\/p>\n","protected":false},"excerpt":{"rendered":"<p>Comercial Escuela Ambrosio O\u2019Higgins (Spot). Entre Diciembre de 2015 y Enero de 2016, nuestra Escuela a trav\u00e9s del Departamento de Educaci\u00f3n de Coronel en conjunto con los establecimientos municipalidados de <a class=\"more-link\" href=\"https:\/\/www.escuela-ambrosio.cl\/portal\/comercial-escuela-ambrosio-ohiggins-spot\/\">Continue Reading \u2192<\/a><\/p>\n","protected":false},"author":1,"featured_media":0,"parent":0,"menu_order":0,"comment_status":"closed","ping_status":"closed","template":"","meta":{"footnotes":""},"class_list":["post-3521","page","type-page","status-publish","hentry"],"_links":{"self":[{"href":"https:\/\/www.escuela-ambrosio.cl\/portal\/wp-json\/wp\/v2\/pages\/3521","targetHints":{"allow":["GET"]}}],"collection":[{"href":"https:\/\/www.escuela-ambrosio.cl\/portal\/wp-json\/wp\/v2\/pages"}],"about":[{"href":"https:\/\/www.escuela-ambrosio.cl\/portal\/wp-json\/wp\/v2\/types\/page"}],"author":[{"embeddable":true,"href":"https:\/\/www.escuela-ambrosio.cl\/portal\/wp-json\/wp\/v2\/users\/1"}],"replies":[{"embeddable":true,"href":"https:\/\/www.escuela-ambrosio.cl\/portal\/wp-json\/wp\/v2\/comments?post=3521"}],"version-history":[{"count":1,"href":"https:\/\/www.escuela-ambrosio.cl\/portal\/wp-json\/wp\/v2\/pages\/3521\/revisions"}],"predecessor-version":[{"id":3522,"href":"https:\/\/www.escuela-ambrosio.cl\/portal\/wp-json\/wp\/v2\/pages\/3521\/revisions\/3522"}],"wp:attachment":[{"href":"https:\/\/www.escuela-ambrosio.cl\/portal\/wp-json\/wp\/v2\/media?parent=3521"}],"curies":[{"name":"wp","href":"https:\/\/api.w.org\/{rel}","templated":true}]}}