{"id":37,"date":"2013-11-27T00:43:48","date_gmt":"2013-11-27T00:43:48","guid":{"rendered":"http:\/\/www.escuela-ambrosio.cl\/portal\/?page_id=37"},"modified":"2025-08-26T13:17:45","modified_gmt":"2025-08-26T13:17:45","slug":"historia","status":"publish","type":"page","link":"https:\/\/www.escuela-ambrosio.cl\/portal\/historia\/","title":{"rendered":"Historia"},"content":{"rendered":"<h2 style=\"text-align: center;\"><span style=\"color: #cc0000;\"><strong>\u00bfQui\u00e9nes Somos?<\/strong><\/span><\/h2>\n<h2 style=\"text-align: left;\"><span style=\"color: #cc0000;\"><strong>Historia.<\/strong><\/span><\/h2>\n<p><img loading=\"lazy\" decoding=\"async\" class=\"size-full wp-image-3601 alignright\" src=\"https:\/\/www.escuela-ambrosio.cl\/portal\/wp-content\/uploads\/Insignia-Escuela-Ambrosio-OHiggins-Nueva.png\" alt=\"\" width=\"203\" height=\"203\" srcset=\"https:\/\/www.escuela-ambrosio.cl\/portal\/wp-content\/uploads\/Insignia-Escuela-Ambrosio-OHiggins-Nueva.png 203w, https:\/\/www.escuela-ambrosio.cl\/portal\/wp-content\/uploads\/Insignia-Escuela-Ambrosio-OHiggins-Nueva-150x150.png 150w\" sizes=\"auto, (max-width: 203px) 100vw, 203px\" \/><\/p>\n<p style=\"text-align: justify;\">Nuestra Escuela nace en la decada del 70 producto de una toma de terrenos en la actual Poblaci\u00f3n Libertador Bernardo O\u201dHiggins.<\/p>\n<p style=\"text-align: justify;\">Los pobladores de la Poblaci\u00f3n Libertador Bernardo O\u2019Higgins inquietos por la educaci\u00f3n de sus hijos gestionaron la creaci\u00f3n de un centro de estudios para lo cual las autoridades pertinentes habilitaron dos viviendas sociales en el centro de la poblaci\u00f3n.<\/p>\n<p style=\"text-align: justify;\">Nuestra Escuela se origin\u00f3 entonces en Abril del a\u00f1o 1973. Un grupo de cinco profesores reci\u00e9n egresados de la escuela Normal de Angol, iniciaron sus actividades docentes en la que fue Escuela 29-A, asumiendo como director el profesor Sr. Hugo Fern\u00e1ndez Nilo.<\/p>\n<p style=\"text-align: justify;\">Esta peque\u00f1a escuela empez\u00f3 funcionando con cuatro cursos (primero a cuarto a\u00f1o) en la vivienda social habilitada, sin contar con los servicios sanitarios m\u00ednimos requeridos para un Establecimiento Educacional. La matr\u00edcula existente permiti\u00f3 crear un quinto a\u00f1o, el cual funcion\u00f3 en la sede de la Junta de vecinos.<\/p>\n<p style=\"text-align: justify;\">La escuela paso a nominarse como Mixta N\u00ba 72 y contaba con una matr\u00edcula de 329 alumnos.<\/p>\n<p style=\"text-align: justify;\">En Septiembre del a\u00f1o 1974 la escuela adquiere su propia identidad y se le denomina Escuela B\u00e1sica N\u00ba72, asume la direcci\u00f3n la Sra. Abstinencia S\u00e1ez S\u00e1ez quien permanece en el cargo hasta su jubilaci\u00f3n en el a\u00f1o 1981.<\/p>\n<p style=\"text-align: justify;\">Durante este per\u00edodo la escuela experimenta un notable aumento en su matr\u00edcula y planta docente. Se lleg\u00f3 a tener una matr\u00edcula de 528 y la planta docente aument\u00f3 de 5 a 20 profesores, por lo cual se debi\u00f3 dividir las salas y trabajar en tres jornadas, por lo que se tuvo que habilitar una unidad progresiva como anexo fuera del establecimiento, ubicado en el centro de la poblaci\u00f3n.<\/p>\n<p style=\"text-align: justify;\">Transcurrido los a\u00f1os 1974 y 1975, el anexo fue trasladado al lugar donde funcionaba la escuela y fue habilitado como cocina, comedor y sala de clases. En los mismos a\u00f1os se realiz\u00f3 la instalaci\u00f3n de una bomba extractora de agua para los alumnos, pobladores y la preparaci\u00f3n de alimentos y menesteres de la cocina.<\/p>\n<p style=\"text-align: justify;\">En el a\u00f1o 1976 se complet\u00f3 la Ense\u00f1anza B\u00e1sica de 1\u00ba a 8\u00ba a\u00f1o y se cre\u00f3 el nivel pre-b\u00e1sico.<\/p>\n<p style=\"text-align: justify;\">En el periodo de los a\u00f1os 1980 a 1981, por enfermedad de la directora titular asumi\u00f3 la Sra. Mar\u00eda Espinoza Burgos.<\/p>\n<p style=\"text-align: justify;\">Desde finales del a\u00f1o 1981 hasta principios del a\u00f1o 1983 asumi\u00f3 como Director subrogante el Sr. Edmundo Ibaceta Escobar.<\/p>\n<p style=\"text-align: justify;\">En el mismo a\u00f1o 1981 se crea el grupo diferencial por la profesora Sra. Mar\u00eda Helia Poza, especialista en \u201cTrastornos espec\u00edficos de Aprendizaje\u201d, quien ejerce funciones de apoyo a los alumnos que presentan alg\u00fan tipo de problema que le dificulta el aprendizaje.<\/p>\n<p style=\"text-align: justify;\">En el a\u00f1o 1982 se cre\u00f3 la Unidad T\u00e9cnica Pedag\u00f3gica (U.T.P.) en apoyo al proceso E-A.<\/p>\n<p style=\"text-align: justify;\">A su vez el mismo a\u00f1o se crea la biblioteca de la escuela que contaba con una modesta colecci\u00f3n de libros que utilizaban no s\u00f3lo los alumnos, sino la comunidad en general.<\/p>\n<p style=\"text-align: justify;\">En al a\u00f1o 1983 asume como director titular el Sr. Danilo Rojas Rodr\u00edguez.<\/p>\n<p style=\"text-align: justify;\">En el a\u00f1o 1984 se procede a reestructurar la U.T.P.<\/p>\n<p style=\"text-align: justify;\">En forma sostenida el establecimiento aumenta su dotaci\u00f3n docente llegando al a\u00f1o 1987 a contar con 24 profesores para atender los noveles de pre-b\u00e1sica, b\u00e1sica y de primero a octavo a\u00f1o. En \u00e9ste periodo se da gran \u00e9nfasis a los aspectos formativos de nuestros alumnos los cuales contaban con una deficitaria formaci\u00f3n de sus hogares.<\/p>\n<p style=\"text-align: justify;\">A principio del a\u00f1o 1987 se acoge a jubilaci\u00f3n el se\u00f1or Danilo Rojas R. llegando en su reemplazo la Sra. Emilia Reyes Encina, y es recibida como subdirectora la Sra. Victoria Concha Aillon. La Sra. Emilia Reyes Encina permanece solo un a\u00f1o en el cargo, acogi\u00e9ndose luego a jubilaci\u00f3n.<\/p>\n<p style=\"text-align: justify;\">El 17 de Abril de 1988 asume funciones como director titular el Sr. Patricio Venegas Gonz\u00e1lez.<\/p>\n<p style=\"text-align: justify;\">A su vez en 1988 por disposici\u00f3n del D.A.E.M se les solicita darle nombre a la escuela, se realiza un concurso interno del que se obtuvo el nombre \u201cEscuela Qui\u00f1enco E-650\u201d.<\/p>\n<p style=\"text-align: justify;\">El a\u00f1o 1991 se realiza la ampliaci\u00f3n de la escuela con una segunda cocina, comedor y salas kinder, de profesores, oficinas (U.T.P, subdirecci\u00f3n).<\/p>\n<p style=\"text-align: justify;\">El alto \u00edndice de vulnerabilidad y los resultados del Simce, motivaron el a\u00f1o 1991 la incorporaci\u00f3n al programa de las 900 escuelas. Esto permiti\u00f3 recibir material v\u00eda M.E.C.E., bibliotecas de aula, juegos did\u00e1cticos y el desarrollo de talleres T.A.P., para los alumnos de 3\u00ba y 4\u00ba b\u00e1sico, atendidos por monitores que dan \u00e9nfasis al trabajo en grupo.<\/p>\n<p style=\"text-align: justify;\">El a\u00f1o&nbsp; 1992 se crea el conjunto Folkl\u00f3rico \u201cLos Qui\u00f1enquitos\u201d, el que se inici\u00f3 con cuatro alumnos del 6\u00ba a\u00f1o bajo la direcci\u00f3n de la Sra. Mirna Sanhueza, estos interpretaban canciones populares y luego aumentaron su repertorio a m\u00fasica folkl\u00f3rica. En 1994, se hizo cargo del conjunto el profesor Manuel N\u00fa\u00f1ez, dedic\u00e1ndose al repertorio folkl\u00f3rico del pa\u00eds, agregando bailes y danzas.<\/p>\n<p style=\"text-align: justify;\">En 1993 la Escuela inicia su participaci\u00f3n en los P.M.E., con el objetivo de mejorar las pr\u00e1cticas pedag\u00f3gicas.<\/p>\n<p style=\"text-align: justify;\">En 1997 se tiene una participaci\u00f3n destacada de experiencias pedagog\u00edas en Educaci\u00f3n Ambiental. El mismo a\u00f1o se realiza la construcci\u00f3n de la sala de profesores y oficinas.<\/p>\n<p style=\"text-align: justify;\">Seg\u00fan decreto 490 en 1997, la Escuela inicia la atenci\u00f3n a alumnos de integraci\u00f3n con el objetivo de atender la diversidad y gestionar atenciones especiales para ellos. Se han atendido ni\u00f1os, ni\u00f1as con distintos tipos de discapacidad, por profesores especialistas en esta \u00e1rea.<\/p>\n<p style=\"text-align: justify;\">En el a\u00f1o &nbsp;1998, la Escuela forma parte del Proyecto Enlaces y se nombra de Subdirectora a la Sra. Betty Espinoza Sanhueza. El mismo a\u00f1o se construye el Patio Techado.<\/p>\n<p style=\"text-align: justify;\">En el a\u00f1o 1999 se inicia la 2\u00aa Etapa de perfeccionamiento docente Enlaces y la participaci\u00f3n de los alumnos en el Laboratorio de Computaci\u00f3n.<\/p>\n<p style=\"text-align: justify;\">En el a\u00f1o 1999 nuestra Escuela se incorpora a la Jornada Escolar Completa (J.E.C.). Para cumplir los objetivos propuestos en la J.E.C. se tuvo que contar con una infraestructura adecuada, implementaci\u00f3n y material did\u00e1ctico, que significo una gran inversi\u00f3n.<\/p>\n<p style=\"text-align: justify;\">En 2011 el Ministerio de Educaci\u00f3n en vista de los buenos resultados obtenidos en el simce (entre los a\u00f1os 2008 al 2011), declar\u00f3 a la Escuela como aut\u00f3noma.<\/p>\n<p style=\"text-align: justify;\">El 27 de Mayo de 2011 en una competencia donde participaron m\u00e1s de 300 estudiantes de 18 establecimientos municipales y tras un arduo encuentro, alumnos de tercer y cuarto b\u00e1sico de nuestra Escuela se lucieron exhibiendo sus destrezas y conocimientos en las matem\u00e1ticas, con lo cual obtuvieron el Primer Lugar de las Olimpiadas de Matem\u00e1tica organizada por DEM Coronel y Servicios Educativos ARQUIMED.<\/p>\n<p style=\"text-align: justify;\">El d\u00eda 11 Junio de 2011 lleg\u00f3 a la direcci\u00f3n de la Escuela el Sr. Victor Nu\u00f1ez Rodriguez el cual estuv\u00f3 hasta el d\u00eda 30 de Junio de 2016.<\/p>\n<p style=\"text-align: justify;\">En 2013 nuestra Escuela recibe de parte del Gobierno de Chile un reconocimiento por su destacada participaci\u00f3n en el programa Chile Previene de Senda, donde particip\u00f3 activamente entre los a\u00f1os 2010 a 2013.<\/p>\n<p style=\"text-align: justify;\">En las primeras semanas de Enero de 2014 un grupo de alumnos de la Universidad Alberto Hurtado dirigidos por el sacerdote Jose Francisco Yuraszeck Krebs, realizaron variados trabajos de verano con la comunidad, gracias a ello, plasmaron un bello mural en el frontis de nuestra Escuela donde se muestra la historia de la poblaci\u00f3n Bernardo O\u2019Higgins y de Coronel.<\/p>\n<p style=\"text-align: justify;\">El 11 de Abril de 2014 el Sr. V\u00edctor N\u00fa\u00f1ez Rodr\u00edguez (Director de esos a\u00f1os) asisti\u00f3 a la firma de contrato con el Serviu, la alcald\u00eda y el Consejo Vecinal de Desarrollo (CVD) donde dan por aprobada la iniciativa que se implementar\u00e1 en el barrio Bernardo O\u2019Higgins, en la cual nuestra Escuela fue seleccionada para realizar un Mejoramiento de Acceso y Fachada.<\/p>\n<p style=\"text-align: justify;\">El 21 de Octubre de 2014 estudiantes de 7\u00ba a\u00f1o b\u00e1sico obtuvieron el 1\u00ba Lugar en el concurso \u201cSpelling Bee\u201d que se efectu\u00f3 en dependencias del Liceo Yobilo A-82.<\/p>\n<p style=\"text-align: justify;\">El 11 de Diciembre del 2014 nuestra Escuela recibe Certificaci\u00f3n Medioambiental Nivel de Excelencia, con esto se busca que los escolares aprendan desde peque\u00f1os a cuidar su entorno.<\/p>\n<p style=\"text-align: justify;\">El 26 de marzo de 2015 nuestra Escuela recibi\u00f3 Certificaci\u00f3n Senda Previene de Excelencia Avanzada como culminaci\u00f3n de una etapa iniciada el a\u00f1o 2010. Se recibi\u00f3 este est\u00edmulo que evidencia un gran logro: se adquirieron competencias para continuar, de manera aut\u00f3noma, trabajando en la prevenci\u00f3n del consumo de alcohol y tr\u00e1fico de drogas.<\/p>\n<p style=\"text-align: justify;\">El 23 de Julio de 2015 comienzan los trabajos de Mejoramiento de Acceso y Fachada en nuestra Escuela, en el contexto del Programa \u201cQuiero mi Barrio\u201d.<\/p>\n<p style=\"text-align: justify;\">El 18 de Noviembre de 2015 se abri\u00f3 parcialmente la nueva entrada de acceso a la Escuela para nuestros estudiantes y comunidad escolar, a la espera de la inauguraci\u00f3n.<\/p>\n<p style=\"text-align: justify;\">El 17 de Diciembre de 2015 se realiz\u00f3 en forma simb\u00f3lica la Inauguraci\u00f3n de la nueva Fachada y Acceso de la Escuela. Participando en el corte de cinta los diferentes estamentos: direcci\u00f3n, apoderados,&nbsp; profesores, asistentes de la educaci\u00f3n, estudiantes de todos los cursos y representantes de las t\u00edas manipuladoras de alimentos.<\/p>\n<p style=\"text-align: justify;\">Desde el 2\u00ba Semestre de 2016, asume como directora subrogante de la Escuela la profesora Catalina Sanzana Vargas, ella estuv\u00f3 al mando del Establecimiento hasta la llegada de la nueva directora.<\/p>\n<p style=\"text-align: justify;\">El 14 de Septiembre de 2016, se realiz\u00f3 oficialmente la Ceremonia de Inauguraci\u00f3n del nuevo Acceso y Fachada del Establecimiento, junto a la presencia del Ministerio de Vivienda y Urbanismo y su Programa de Recuperaci\u00f3n de Barrios \u201cQuiero Mi Barrio\u201d, y la Ilustre Municipalidad de Coronel.<\/p>\n<p style=\"text-align: justify;\">Uno de los hechos m\u00e1s destacados a cargo del mando de la profesora Catalina Sanzana, fue realizar en conjunto con nuestros alumnos, padres y apoderados un cambio en los colores institucionales, dando paso a un nuevo uniforme y estandarte, donde se seleccionaron colores revolucionarios que identifican los cambios que queremos realizar en nuestro Establecimiento. A su vez, se instaur\u00f3 un nuevo slogan a la Escuela: \u00abConstruyendo Conocimiento en Comunidad\u00bb.<\/p>\n<p style=\"text-align: justify;\">Es as\u00ed como por vez primera en el desfile de apertura del a\u00f1o escolar 2017, hemos debutado con gran \u00e9xito e impacto ante la comunidad de nuestro querido Coronel.<\/p>\n<p style=\"text-align: justify;\">El 31 de Mayo de 2017 estudiantes de la Escuela se coronaron Campeonas de F\u00fatbol categor\u00eda Sub 14, gracias a ello representar\u00e1n a la comuna de Coronel en el Torneo Zonal.<\/p>\n<p style=\"text-align: justify;\">En Junio de 2017 nuestra Escuela fue seleccionada para la Instalaci\u00f3n de una Estaci\u00f3n de Monitoreo del Aire (est\u00e1 estar\u00e1&nbsp; un periodo de tiempo por confirmar) que tiene por objetivo dise\u00f1ar, implementar y poner en funcionamiento dispositivos fotom\u00e9tricos para la medici\u00f3n y monitoreo en red y en tiempo-real de material particulado (MP) respirable 2.5, como herramienta de apoyo para la toma de decisiones de mitigaci\u00f3n de las autoridades ambientales y de salud.<\/p>\n<p style=\"text-align: justify;\">El 29 de Junio de 2017 nuestras estudiantes se coronaron CAMPEONAS en la fase zonal de f\u00fatbol damas, categor\u00eda sub 14, que se efectu\u00f3 en Santa Juana.<\/p>\n<p style=\"text-align: justify;\">El 4 de Julio de 2017 nuestras estudiantes contin\u00faan avanzando y se coronaron ganadoras Provinciales en F\u00fatbol Damas Categor\u00eda sub 14, encuentros disputados en el Estadio Municipal Jos\u00e9 Fuentes Espinoza de la comuna de Florida.<\/p>\n<p style=\"text-align: justify;\">El d\u00eda 24 de Julio de 2017, asume como nueva Directora de nuestra Escuela la Sra. Yasm\u00edn Garrido D\u00edaz, la primera Directora asumida por Alta Direcci\u00f3n P\u00fablica seg\u00fan ley 20.501, ella estuvo hasta el 11 de Junio de 2021 al mando del Establecimiento.<\/p>\n<p style=\"text-align: justify;\">El 12 de Octubre de 2017, Estudiante de nuestra Escuela se Corona Campe\u00f3n Provincial de Atletismo en los 1.000 mts.<\/p>\n<p style=\"text-align: justify;\">El 3 de Noviembre de 2017 nuestras Estudiantes representando a la provincia de Concepci\u00f3n se coronan Subcampeonas Regionales de F\u00fatbol Damas sub 14, en un cuadrangular con equipos representantes de las provincias de: Arauco, Biob\u00edo, Concepci\u00f3n y \u00d1uble.<\/p>\n<p style=\"text-align: justify;\">El 19 de Junio de 2018, Estudiante de nuestra Escuela se corona Campe\u00f3n Provincial de Atletismo en los 2.000 mts, con un tiempo de 6 minutos con 39 segundos, en el Estadio Regional Ester Roa Rebolledo.<\/p>\n<p style=\"text-align: justify;\">El 4 de Julio de 2018 Estudiantes del Taller de M\u00fasica realizaron su primer trabajo audiovisual propio (grabaci\u00f3n de canci\u00f3n y video clip), en las dependencias de RAMSES ESTUDIO, lo que dio paso al Estreno Oficial de la Canci\u00f3n de la Escuela el d\u00eda 13 de Julio de 2018. Luego el 03 de Agosto de 2018 fueron invitados a interpretar en vivo la canci\u00f3n de la Escuela; en la Inauguraci\u00f3n del Aniversario de la Comuna.<\/p>\n<p style=\"text-align: justify;\">El 6 de Agosto de 2018, Estudiante de nuestra Escuela Obtiene 3er Lugar Regional en Atletismo sub 14 en los 2.000 metros planos, competencia efectuada en el Estadio Municipal de Los \u00c1ngeles.<\/p>\n<p style=\"text-align: justify;\">El 16 de octubre de 2018, Estudiantes del Taller de Cheerleader Obtienen 1er Lugar Regional en su categor\u00eda, posteriormente d\u00edas despu\u00e9s obtienen nuevamente un 1er Lugar en campeonato Junior Nivel 1 All Star.<\/p>\n<p>El 07 de Mayo de 2019, Estudiantes se coronaron Campeonas Comunales de F\u00fatbol Damas, al derrotar por 3 a 1 a la Escuela Vista Hermosa. Al obtener el t\u00edtulo comunal, nuestras Estudiantes representaron a la comuna de Coronel en la fase zonal.<\/p>\n<p>El 31 de Diciembre de 2019 se estreno Oficialmente (en vivo) una nueva canci\u00f3n in\u00e9dita de los Estudiantes del Taller de M\u00fasica llamada \u00abVivir con Arte\u00bb.<\/p>\n<p style=\"text-align: justify;\">El 15 de Julio de 2021 el Departamento de Educaci\u00f3n de Coronel presenta a la comunidad Ambrosio O&#8217;Higgins a la Sra M\u00f3nica Toledo Reyes, quien estuv\u00f3 en calidad de Directora Subrogante hasta el 05 de Septiembre de 2022.<\/p>\n<p style=\"text-align: justify;\">El 09 de Septiembre de 2021 el Sr Alcalde nos informa sobre el Proyecto de Conservaci\u00f3n Infraestructura Escuela Ambrosio O\u2019Higgins,el cual nuestro Establecimiento fue beneficiado, con una inversi\u00f3n que asciende a los $291.666.318 millones de pesos, monto que permitir\u00e1, entre otras cosas, modificar: revestimiento t\u00e9rmico exterior con sistema eifs, sello losa techumbre, cambio de iluminaci\u00f3n, ventanas termo panel; adem\u00e1s de mejoras en pisos, pintura, alcantarillado y servicios higi\u00e9nicos.<\/p>\n<p style=\"text-align: justify;\">El 02 de Diciembre de 2021 se inici\u00f3 oficialmente un nuevo proyecto denominado \u00abRadio Qui\u00f1enco\u00bb.<\/p>\n<p style=\"text-align: justify;\">Los d\u00edas 07 y 08 de Junio de 2022 se realiz\u00f3 la restauraci\u00f3n del mural hist\u00f3rico de la poblaci\u00f3n O\u2019Higgins, ubicado en el frontis de la Escuela, el cual fue realizado por Ernesto Guerrero \u00abPititore\u00bb y Relmu, junto a nuestros profesores, asistentes, vecinos y estudiantes.<\/p>\n<p style=\"text-align: justify;\">En el mes de Julio de 2022 se di\u00f3 inicio a los trabajos del Proyecto de Conservaci\u00f3n Infraestructura Escuela Ambrosio O\u2019Higgins.<\/p>\n<p style=\"text-align: justify;\">A mediados de Septiembre de 2022 asume como Directora subrogante la Srita Yuridia Vera Fuentes, quien estuvo hasta el 04 de Agosto de 2023 al mando del Establecimiento.<\/p>\n<p style=\"text-align: justify;\">El 17 de noviembre de 2022 el Sr Alcalde Boris Chamorro Rebolledo junto a la Directora del Departamento de Educaci\u00f3n y al Equipo de Planificaci\u00f3n del DEM, realizaron un recorrido en nuestra Escuela para observar los avances en los trabajos del Proyecto de Conservaci\u00f3n.<\/p>\n<p style=\"text-align: justify;\">El 11 de mayo de 2023 se inaugur\u00f3 oficialmente las mejoras de los arreglos del Proyecto de Conservaci\u00f3n que se llevaron a cabo en nuestra Escuela.<\/p>\n<p style=\"text-align: justify;\">El 07 de Agosto de 2023, asume como Directora por Alta Direcci\u00f3n P\u00fablica la Sra. Ana Patricia Alarc\u00f3n Erices.<\/p>\n<p style=\"text-align: justify;\">El 10 de mayo de 2024 se inaugura en el Establecimiento nuestro Muro de Escalada de 7 metros de altura. Esta propuesta se fundamenta en uno de los talleres extraescolares de nuestra escuela, los cuales a su vez son una estrategia que buscan potenciar capacidades, talentos y destrezas de cada uno de los estudiantes.<\/p>\n","protected":false},"excerpt":{"rendered":"<p>\u00bfQui\u00e9nes Somos? Historia. Nuestra Escuela nace en la decada del 70 producto de una toma de terrenos en la actual Poblaci\u00f3n Libertador Bernardo O\u201dHiggins. Los pobladores de la Poblaci\u00f3n Libertador <a class=\"more-link\" href=\"https:\/\/www.escuela-ambrosio.cl\/portal\/historia\/\">Continue Reading \u2192<\/a><\/p>\n","protected":false},"author":1,"featured_media":0,"parent":0,"menu_order":0,"comment_status":"closed","ping_status":"closed","template":"","meta":{"footnotes":""},"class_list":["post-37","page","type-page","status-publish","hentry"],"_links":{"self":[{"href":"https:\/\/www.escuela-ambrosio.cl\/portal\/wp-json\/wp\/v2\/pages\/37","targetHints":{"allow":["GET"]}}],"collection":[{"href":"https:\/\/www.escuela-ambrosio.cl\/portal\/wp-json\/wp\/v2\/pages"}],"about":[{"href":"https:\/\/www.escuela-ambrosio.cl\/portal\/wp-json\/wp\/v2\/types\/page"}],"author":[{"embeddable":true,"href":"https:\/\/www.escuela-ambrosio.cl\/portal\/wp-json\/wp\/v2\/users\/1"}],"replies":[{"embeddable":true,"href":"https:\/\/www.escuela-ambrosio.cl\/portal\/wp-json\/wp\/v2\/comments?post=37"}],"version-history":[{"count":35,"href":"https:\/\/www.escuela-ambrosio.cl\/portal\/wp-json\/wp\/v2\/pages\/37\/revisions"}],"predecessor-version":[{"id":7800,"href":"https:\/\/www.escuela-ambrosio.cl\/portal\/wp-json\/wp\/v2\/pages\/37\/revisions\/7800"}],"wp:attachment":[{"href":"https:\/\/www.escuela-ambrosio.cl\/portal\/wp-json\/wp\/v2\/media?parent=37"}],"curies":[{"name":"wp","href":"https:\/\/api.w.org\/{rel}","templated":true}]}}