{"id":3857,"date":"2017-07-27T15:00:31","date_gmt":"2017-07-27T15:00:31","guid":{"rendered":"http:\/\/www.escuela-ambrosio.cl\/portal\/?page_id=3857"},"modified":"2017-07-27T15:00:31","modified_gmt":"2017-07-27T15:00:31","slug":"noticias-2009","status":"publish","type":"page","link":"https:\/\/www.escuela-ambrosio.cl\/portal\/noticias-2009\/","title":{"rendered":"Noticias 2009"},"content":{"rendered":"<h2 style=\"text-align: center;\"><span style=\"color: #187bc9;\"><strong>LISTADO DE NOTICIAS A\u00d1O 2009<\/strong><\/span><\/h2>\n<p><strong><span style=\"color: #187bc9;\">Paseo Circuito Cultural 2009.<\/span><a href=\"https:\/\/www.escuela-ambrosio.cl\/portal\/paseo-circuito-cultural-2009\" target=\"_blank\"><img loading=\"lazy\" decoding=\"async\" class=\"size-full wp-image-248 alignright\" src=\"https:\/\/www.escuela-ambrosio.cl\/portal\/wp-content\/uploads\/parque-za\u00f1artu-2009.jpg\" alt=\"parque-za\u00f1artu-2009\" width=\"250\" height=\"69\" \/><\/a><\/strong><\/p>\n<p style=\"text-align: justify;\">Paseo circuito cultural a los siguientes lugares: Parque Pedro del R\u00edo Za\u00f1artu y Desembocadura del R\u00edo B\u00edo-B\u00edo, a\u00f1o 2009.<\/p>\n<p><strong><span style=\"color: #187bc9;\">Visita a Cinemark 2009.<\/span><a href=\"https:\/\/www.escuela-ambrosio.cl\/portal\/visita-a-cinemark-2009\" target=\"_blank\"><img loading=\"lazy\" decoding=\"async\" class=\"size-full wp-image-246 alignright\" src=\"https:\/\/www.escuela-ambrosio.cl\/portal\/wp-content\/uploads\/cinemark-2009.jpg\" alt=\"cinemark-2009\" width=\"250\" height=\"69\" \/><\/a><\/strong><\/p>\n<p style=\"text-align: justify;\">Visita realizada por todos los cursos de nuestra escuela a Cinemark de Mall Plaza Trebol ubicado en Talcahuano, a\u00f1o 2009.<\/p>\n<p><strong><span style=\"color: #187bc9;\">Actividad Media Luna 2009.<\/span><a href=\"https:\/\/www.escuela-ambrosio.cl\/portal\/actividad-media-luna-2009\" target=\"_blank\"><img loading=\"lazy\" decoding=\"async\" class=\"size-full wp-image-244 alignright\" src=\"https:\/\/www.escuela-ambrosio.cl\/portal\/wp-content\/uploads\/media-luna-2009.jpg\" alt=\"media-luna-2009\" width=\"250\" height=\"69\" \/><\/a><\/strong><\/p>\n<p style=\"text-align: justify;\">En Media Luna de Escuadron ubicada en Coronel, se desarrollaron las fiestas costumbristas de Fiestas Patrias donde participaron nuestros alumnos, en Septiembre de 2009.<\/p>\n<p><strong><span style=\"color: #187bc9;\">Fiestas Patrias 2009.<a href=\"https:\/\/www.escuela-ambrosio.cl\/portal\/fiestas-patrias-2009\" target=\"_blank\"><img loading=\"lazy\" decoding=\"async\" class=\"size-full wp-image-242 alignright\" src=\"https:\/\/www.escuela-ambrosio.cl\/portal\/wp-content\/uploads\/fiestas-patrias-2009-news.jpg\" alt=\"fiestas-patrias-2009-news\" width=\"250\" height=\"69\" \/><\/a><\/span><\/strong><\/p>\n<p style=\"text-align: justify;\">A trav\u00e9s de juesgos t\u00edpicos, bailes de cueca, entre otros, se celebr\u00f3 en nuestra comunidad escolar las Fiestas Patrias, en Septiembre de 2009.<\/p>\n","protected":false},"excerpt":{"rendered":"<p>LISTADO DE NOTICIAS A\u00d1O 2009 Paseo Circuito Cultural 2009. Paseo circuito cultural a los siguientes lugares: Parque Pedro del R\u00edo Za\u00f1artu y Desembocadura del R\u00edo B\u00edo-B\u00edo, a\u00f1o 2009. Visita a <a class=\"more-link\" href=\"https:\/\/www.escuela-ambrosio.cl\/portal\/noticias-2009\/\">Continue Reading \u2192<\/a><\/p>\n","protected":false},"author":1,"featured_media":0,"parent":0,"menu_order":0,"comment_status":"closed","ping_status":"closed","template":"","meta":{"footnotes":""},"class_list":["post-3857","page","type-page","status-publish","hentry"],"_links":{"self":[{"href":"https:\/\/www.escuela-ambrosio.cl\/portal\/wp-json\/wp\/v2\/pages\/3857","targetHints":{"allow":["GET"]}}],"collection":[{"href":"https:\/\/www.escuela-ambrosio.cl\/portal\/wp-json\/wp\/v2\/pages"}],"about":[{"href":"https:\/\/www.escuela-ambrosio.cl\/portal\/wp-json\/wp\/v2\/types\/page"}],"author":[{"embeddable":true,"href":"https:\/\/www.escuela-ambrosio.cl\/portal\/wp-json\/wp\/v2\/users\/1"}],"replies":[{"embeddable":true,"href":"https:\/\/www.escuela-ambrosio.cl\/portal\/wp-json\/wp\/v2\/comments?post=3857"}],"version-history":[{"count":1,"href":"https:\/\/www.escuela-ambrosio.cl\/portal\/wp-json\/wp\/v2\/pages\/3857\/revisions"}],"predecessor-version":[{"id":3859,"href":"https:\/\/www.escuela-ambrosio.cl\/portal\/wp-json\/wp\/v2\/pages\/3857\/revisions\/3859"}],"wp:attachment":[{"href":"https:\/\/www.escuela-ambrosio.cl\/portal\/wp-json\/wp\/v2\/media?parent=3857"}],"curies":[{"name":"wp","href":"https:\/\/api.w.org\/{rel}","templated":true}]}}