{"id":3860,"date":"2017-07-27T15:03:26","date_gmt":"2017-07-27T15:03:26","guid":{"rendered":"http:\/\/www.escuela-ambrosio.cl\/portal\/?page_id=3860"},"modified":"2017-07-27T15:03:26","modified_gmt":"2017-07-27T15:03:26","slug":"noticias-2010","status":"publish","type":"page","link":"https:\/\/www.escuela-ambrosio.cl\/portal\/noticias-2010\/","title":{"rendered":"Noticias 2010"},"content":{"rendered":"<h2 style=\"text-align: center;\"><span style=\"color: #187bc9;\"><strong>LISTADO DE NOTICIAS A\u00d1O 2010<\/strong><\/span><\/h2>\n<p><strong><span style=\"color: #187bc9;\">Paseo Circuito Cultural 2010.<\/span><a href=\"https:\/\/www.escuela-ambrosio.cl\/portal\/paseo-circuito-cultural-2010\/\" target=\"_blank\"><img loading=\"lazy\" decoding=\"async\" class=\"size-full wp-image-256 alignright\" src=\"https:\/\/www.escuela-ambrosio.cl\/portal\/wp-content\/uploads\/parque-2010-news.jpg\" alt=\"parque-2010-news\" width=\"250\" height=\"69\" \/><\/a><\/strong><\/p>\n<p>El a\u00f1o 2010 nuestros alumnos relizaron un circuito cultural por los siguientes lugares: Museo de la Historia de Concepci\u00f3n, Parque Jur\u00e1sico, entre otros.<\/p>\n<p><strong><span style=\"color: #187bc9;\">D\u00eda del Asistente de la Educaci\u00f3n 2010.<\/span><a href=\"https:\/\/www.escuela-ambrosio.cl\/portal\/dia-del-asistente-de-la-educacion-2010\/\" target=\"_blank\"><img loading=\"lazy\" decoding=\"async\" class=\"size-full wp-image-255 alignright\" src=\"https:\/\/www.escuela-ambrosio.cl\/portal\/wp-content\/uploads\/dia-asist-educ-2010-news.jpg\" alt=\"dia-asist-educ-2010-news\" width=\"250\" height=\"69\" \/><\/a><\/strong><\/p>\n<p style=\"text-align: justify;\">En reconocimiento a su ardua labor de Asistentes de la Educaci\u00f3n en Octubre de 2010, se celebr\u00f3 su d\u00eda con toda la comunidad escolar.<\/p>\n<p><strong><span style=\"color: #187bc9;\">Acto de Fiestas Patrias 2010.<\/span><a href=\"https:\/\/www.escuela-ambrosio.cl\/portal\/fiestas-patrias-2010\" target=\"_blank\"><img loading=\"lazy\" decoding=\"async\" class=\"size-full wp-image-254 alignright\" src=\"https:\/\/www.escuela-ambrosio.cl\/portal\/wp-content\/uploads\/fiestas-patrias-2010-news.jpg\" alt=\"fiestas-patrias-2010-news\" width=\"250\" height=\"69\" \/><\/a><\/strong><\/p>\n<p>Acto de celebraci\u00f3n de nuestras Fiestas Patrias, en Septiembre de 2010 (a\u00f1o del Bicentenario de Chile).<\/p>\n<p><strong><span style=\"color: #187bc9;\">Volantinada 2010.<\/span><a href=\"https:\/\/www.escuela-ambrosio.cl\/portal\/volantinada-2010\" target=\"_blank\"><img loading=\"lazy\" decoding=\"async\" class=\"size-full wp-image-252 alignright\" src=\"https:\/\/www.escuela-ambrosio.cl\/portal\/wp-content\/uploads\/volantinada-2010-news.jpg\" alt=\"volantinada-2010-news\" width=\"250\" height=\"69\" \/><\/a><\/strong><\/p>\n<p>Los alumnos de nuestra Escuela disfrutando de una Volantinada en Septiembre de 2010, desarrollada en cancha frente al establecimiento.<\/p>\n","protected":false},"excerpt":{"rendered":"<p>LISTADO DE NOTICIAS A\u00d1O 2010 Paseo Circuito Cultural 2010. El a\u00f1o 2010 nuestros alumnos relizaron un circuito cultural por los siguientes lugares: Museo de la Historia de Concepci\u00f3n, Parque Jur\u00e1sico, <a class=\"more-link\" href=\"https:\/\/www.escuela-ambrosio.cl\/portal\/noticias-2010\/\">Continue Reading \u2192<\/a><\/p>\n","protected":false},"author":1,"featured_media":0,"parent":0,"menu_order":0,"comment_status":"closed","ping_status":"closed","template":"","meta":{"footnotes":""},"class_list":["post-3860","page","type-page","status-publish","hentry"],"_links":{"self":[{"href":"https:\/\/www.escuela-ambrosio.cl\/portal\/wp-json\/wp\/v2\/pages\/3860","targetHints":{"allow":["GET"]}}],"collection":[{"href":"https:\/\/www.escuela-ambrosio.cl\/portal\/wp-json\/wp\/v2\/pages"}],"about":[{"href":"https:\/\/www.escuela-ambrosio.cl\/portal\/wp-json\/wp\/v2\/types\/page"}],"author":[{"embeddable":true,"href":"https:\/\/www.escuela-ambrosio.cl\/portal\/wp-json\/wp\/v2\/users\/1"}],"replies":[{"embeddable":true,"href":"https:\/\/www.escuela-ambrosio.cl\/portal\/wp-json\/wp\/v2\/comments?post=3860"}],"version-history":[{"count":1,"href":"https:\/\/www.escuela-ambrosio.cl\/portal\/wp-json\/wp\/v2\/pages\/3860\/revisions"}],"predecessor-version":[{"id":3861,"href":"https:\/\/www.escuela-ambrosio.cl\/portal\/wp-json\/wp\/v2\/pages\/3860\/revisions\/3861"}],"wp:attachment":[{"href":"https:\/\/www.escuela-ambrosio.cl\/portal\/wp-json\/wp\/v2\/media?parent=3860"}],"curies":[{"name":"wp","href":"https:\/\/api.w.org\/{rel}","templated":true}]}}