{"id":3862,"date":"2017-07-27T15:05:56","date_gmt":"2017-07-27T15:05:56","guid":{"rendered":"http:\/\/www.escuela-ambrosio.cl\/portal\/?page_id=3862"},"modified":"2017-07-27T15:06:09","modified_gmt":"2017-07-27T15:06:09","slug":"noticias-2011","status":"publish","type":"page","link":"https:\/\/www.escuela-ambrosio.cl\/portal\/noticias-2011\/","title":{"rendered":"Noticias 2011"},"content":{"rendered":"<h2 style=\"text-align: center;\"><span style=\"color: #187bc9;\"><strong>LISTADO DE NOTICIAS A\u00d1O 2011<\/strong><\/span><\/h2>\n<p><strong><span style=\"color: #187bc9;\">Paseo Circuito Cultural 2011.<\/span><a href=\"https:\/\/www.escuela-ambrosio.cl\/portal\/paseo-cultural-2011\/\" target=\"_blank\"><img loading=\"lazy\" decoding=\"async\" class=\"size-full wp-image-262 alignright\" src=\"https:\/\/www.escuela-ambrosio.cl\/portal\/wp-content\/uploads\/parque-2011-news.jpg\" alt=\"parque-2011-news\" width=\"250\" height=\"69\" \/><\/a><\/strong><\/p>\n<p style=\"text-align: justify;\">El a\u00f1o 2011 nuestros alumnos de 5\u00ba b\u00e1sico realizaron el siguiente paseo cultural: Parque Jur\u00e1sico \u2013 Museo de Historia Natural de Concepci\u00f3n, Desembocadura del r\u00edo B\u00edo-B\u00edo y el Parque Ecuador.<\/p>\n<p><strong><span style=\"color: #187bc9;\">Exposici\u00f3n de Medio Ambiente 2011.<\/span><a href=\"https:\/\/www.escuela-ambrosio.cl\/portal\/exposicion-de-medio-ambiente-2011\/\" target=\"_blank\"><img loading=\"lazy\" decoding=\"async\" class=\"size-full wp-image-261 alignright\" src=\"https:\/\/www.escuela-ambrosio.cl\/portal\/wp-content\/uploads\/medio-ambiente-2011-news.jpg\" alt=\"medio-ambiente-2011-news\" width=\"250\" height=\"69\" \/><\/a><\/strong><\/p>\n<p style=\"text-align: justify;\">2\u00ba Exposici\u00f3n de Medio Ambiente y Conservaci\u00f3n de la Especie a\u00f1o 2011, junto a im\u00e1genes de participaci\u00f3n de los estudiantes en actividades en nuestra escuela.<\/p>\n<p><strong><span style=\"color: #187bc9;\">D\u00eda del Profesor 2011.<\/span><a href=\"https:\/\/www.escuela-ambrosio.cl\/portal\/dia-del-profesor-2011\/\" target=\"_blank\"><img loading=\"lazy\" decoding=\"async\" class=\"size-full wp-image-260 alignright\" src=\"https:\/\/www.escuela-ambrosio.cl\/portal\/wp-content\/uploads\/dia-profesor-2011-news.jpg\" alt=\"dia-profesor-2011-news\" width=\"250\" height=\"69\" \/><\/a><\/strong><\/p>\n<p>Se conmemora mediante un desayuno y posteriormente una ceremonia el d\u00eda del Profesor, en Octubre de 2011.<\/p>\n<p><strong><span style=\"color: #187bc9;\">D\u00eda del Asistente de la Educaci\u00f3n 2011.<\/span><a href=\"https:\/\/www.escuela-ambrosio.cl\/portal\/dia-del-asistente-de-la-educacion-2011\/\" target=\"_blank\"><img loading=\"lazy\" decoding=\"async\" class=\"size-full wp-image-259 alignright\" src=\"https:\/\/www.escuela-ambrosio.cl\/portal\/wp-content\/uploads\/dia-asist-educ-2011-news.jpg\" alt=\"dia-asist-educ-2011-news\" width=\"250\" height=\"69\" \/><\/a><\/strong><\/p>\n<p>Celebrando el d\u00eda del Asistente de la Educaci\u00f3n, en reconocimiento a su ardua labor efectuada d\u00eda a d\u00eda, en Mayo 2011.<\/p>\n<p><strong><span style=\"color: #187bc9;\">D\u00eda del Alumno 2011.<\/span><a href=\"https:\/\/www.escuela-ambrosio.cl\/portal\/dia-del-alumno-2011\/\" target=\"_blank\"><img loading=\"lazy\" decoding=\"async\" class=\"size-full wp-image-258 alignright\" src=\"https:\/\/www.escuela-ambrosio.cl\/portal\/wp-content\/uploads\/dia-alumno-2011-news.jpg\" alt=\"dia-alumno-2011-news\" width=\"250\" height=\"69\" \/><\/a><\/strong><\/p>\n<p style=\"text-align: justify;\">Celebrando como cada a\u00f1o a nuestros alumnos en su d\u00eda, en nuestra Escuela Ambrosio O\u2019Higgins, Mayo de 2011.<\/p>\n","protected":false},"excerpt":{"rendered":"<p>LISTADO DE NOTICIAS A\u00d1O 2011 Paseo Circuito Cultural 2011. El a\u00f1o 2011 nuestros alumnos de 5\u00ba b\u00e1sico realizaron el siguiente paseo cultural: Parque Jur\u00e1sico \u2013 Museo de Historia Natural de <a class=\"more-link\" href=\"https:\/\/www.escuela-ambrosio.cl\/portal\/noticias-2011\/\">Continue Reading \u2192<\/a><\/p>\n","protected":false},"author":1,"featured_media":0,"parent":0,"menu_order":0,"comment_status":"closed","ping_status":"closed","template":"","meta":{"footnotes":""},"class_list":["post-3862","page","type-page","status-publish","hentry"],"_links":{"self":[{"href":"https:\/\/www.escuela-ambrosio.cl\/portal\/wp-json\/wp\/v2\/pages\/3862","targetHints":{"allow":["GET"]}}],"collection":[{"href":"https:\/\/www.escuela-ambrosio.cl\/portal\/wp-json\/wp\/v2\/pages"}],"about":[{"href":"https:\/\/www.escuela-ambrosio.cl\/portal\/wp-json\/wp\/v2\/types\/page"}],"author":[{"embeddable":true,"href":"https:\/\/www.escuela-ambrosio.cl\/portal\/wp-json\/wp\/v2\/users\/1"}],"replies":[{"embeddable":true,"href":"https:\/\/www.escuela-ambrosio.cl\/portal\/wp-json\/wp\/v2\/comments?post=3862"}],"version-history":[{"count":1,"href":"https:\/\/www.escuela-ambrosio.cl\/portal\/wp-json\/wp\/v2\/pages\/3862\/revisions"}],"predecessor-version":[{"id":3863,"href":"https:\/\/www.escuela-ambrosio.cl\/portal\/wp-json\/wp\/v2\/pages\/3862\/revisions\/3863"}],"wp:attachment":[{"href":"https:\/\/www.escuela-ambrosio.cl\/portal\/wp-json\/wp\/v2\/media?parent=3862"}],"curies":[{"name":"wp","href":"https:\/\/api.w.org\/{rel}","templated":true}]}}