{"id":3865,"date":"2017-07-27T15:12:04","date_gmt":"2017-07-27T15:12:04","guid":{"rendered":"http:\/\/www.escuela-ambrosio.cl\/portal\/?page_id=3865"},"modified":"2017-07-27T15:12:04","modified_gmt":"2017-07-27T15:12:04","slug":"noticias-2012","status":"publish","type":"page","link":"https:\/\/www.escuela-ambrosio.cl\/portal\/noticias-2012\/","title":{"rendered":"Noticias 2012"},"content":{"rendered":"<h2 style=\"text-align: center;\"><span style=\"color: #187bc9;\"><strong>LISTADO DE NOTICIAS A\u00d1O 2012<\/strong><\/span><\/h2>\n<p><strong><span style=\"color: #187bc9;\">Licenciatura 2012.<\/span><a href=\"https:\/\/www.escuela-ambrosio.cl\/portal\/licenciatura-2012\/\" target=\"_blank\"><img loading=\"lazy\" decoding=\"async\" class=\"size-full wp-image-268 alignright\" src=\"https:\/\/www.escuela-ambrosio.cl\/portal\/wp-content\/uploads\/licenciatura-news-2012.jpg\" alt=\"licenciatura-news-2012\" width=\"250\" height=\"69\" \/><\/a><\/strong><\/p>\n<p style=\"text-align: justify;\">A finales del a\u00f1o 2012, se efectuaron en las dependencias de nuestra Escuela las licenciaturas de octavo a\u00f1o y kinder, contando con la presencia de sus familiares.<\/p>\n<p><strong><span style=\"color: #187bc9;\">Visita Biblioteca Mall.<\/span><a href=\"https:\/\/www.escuela-ambrosio.cl\/portal\/visita-biblioteca-mall-2012\/\" target=\"_blank\"><img loading=\"lazy\" decoding=\"async\" class=\"size-full wp-image-267 alignright\" src=\"https:\/\/www.escuela-ambrosio.cl\/portal\/wp-content\/uploads\/mall-news-2012.jpg\" alt=\"mall-news-2012\" width=\"250\" height=\"69\" \/><\/a><\/strong><\/p>\n<p style=\"text-align: justify;\">El a\u00f1o 2012 los alumnos de 3\u00ba a\u00f1o b\u00e1sico de la Escuela Ambrosio O\u2019Higgins, realizaron una visita a la biblioteca ubicada en Mall Plaza Trebol, donde se les entregaron regalos.<\/p>\n<p><strong><span style=\"color: #187bc9;\">Olimpiadas de Matem\u00e1tica 2012.<\/span><a href=\"https:\/\/www.escuela-ambrosio.cl\/portal\/2a-olimpiadas-de-matematica-2012\/\" target=\"_blank\"><img loading=\"lazy\" decoding=\"async\" class=\"size-full wp-image-265 alignright\" src=\"https:\/\/www.escuela-ambrosio.cl\/portal\/wp-content\/uploads\/olimpiadas-mate-2012-news.jpg\" alt=\"olimpiadas-mate-2012-news\" width=\"250\" height=\"69\" \/><\/a><\/strong><\/p>\n<p style=\"text-align: justify;\">Participaci\u00f3n de nuestros alumnos en la 2\u00aa Olimpiadas de Matem\u00e1tica organizada por Arquimed y DEMCoronel, a\u00f1o 2012.<\/p>\n<p><strong><span style=\"color: #187bc9;\">Mes del Mar 2012.<\/span><a href=\"https:\/\/www.escuela-ambrosio.cl\/portal\/mes-del-mar-2012\/\" target=\"_blank\"><img loading=\"lazy\" decoding=\"async\" class=\"size-full wp-image-264 alignright\" src=\"https:\/\/www.escuela-ambrosio.cl\/portal\/wp-content\/uploads\/mes-mar-2012-news.jpg\" alt=\"mes-mar-2012-news\" width=\"250\" height=\"69\" \/><\/a><\/strong><\/p>\n<p style=\"text-align: justify;\">En Mayo de 2012 se realiz\u00f3 un acto en conmemoraci\u00f3n del Mes del Mar donde los alumnos participaron activamente.<\/p>\n","protected":false},"excerpt":{"rendered":"<p>LISTADO DE NOTICIAS A\u00d1O 2012 Licenciatura 2012. A finales del a\u00f1o 2012, se efectuaron en las dependencias de nuestra Escuela las licenciaturas de octavo a\u00f1o y kinder, contando con la <a class=\"more-link\" href=\"https:\/\/www.escuela-ambrosio.cl\/portal\/noticias-2012\/\">Continue Reading \u2192<\/a><\/p>\n","protected":false},"author":1,"featured_media":0,"parent":0,"menu_order":0,"comment_status":"closed","ping_status":"closed","template":"","meta":{"footnotes":""},"class_list":["post-3865","page","type-page","status-publish","hentry"],"_links":{"self":[{"href":"https:\/\/www.escuela-ambrosio.cl\/portal\/wp-json\/wp\/v2\/pages\/3865","targetHints":{"allow":["GET"]}}],"collection":[{"href":"https:\/\/www.escuela-ambrosio.cl\/portal\/wp-json\/wp\/v2\/pages"}],"about":[{"href":"https:\/\/www.escuela-ambrosio.cl\/portal\/wp-json\/wp\/v2\/types\/page"}],"author":[{"embeddable":true,"href":"https:\/\/www.escuela-ambrosio.cl\/portal\/wp-json\/wp\/v2\/users\/1"}],"replies":[{"embeddable":true,"href":"https:\/\/www.escuela-ambrosio.cl\/portal\/wp-json\/wp\/v2\/comments?post=3865"}],"version-history":[{"count":1,"href":"https:\/\/www.escuela-ambrosio.cl\/portal\/wp-json\/wp\/v2\/pages\/3865\/revisions"}],"predecessor-version":[{"id":3866,"href":"https:\/\/www.escuela-ambrosio.cl\/portal\/wp-json\/wp\/v2\/pages\/3865\/revisions\/3866"}],"wp:attachment":[{"href":"https:\/\/www.escuela-ambrosio.cl\/portal\/wp-json\/wp\/v2\/media?parent=3865"}],"curies":[{"name":"wp","href":"https:\/\/api.w.org\/{rel}","templated":true}]}}