{"id":3867,"date":"2017-07-27T15:16:31","date_gmt":"2017-07-27T15:16:31","guid":{"rendered":"http:\/\/www.escuela-ambrosio.cl\/portal\/?page_id=3867"},"modified":"2017-07-27T15:16:31","modified_gmt":"2017-07-27T15:16:31","slug":"noticias-2013","status":"publish","type":"page","link":"https:\/\/www.escuela-ambrosio.cl\/portal\/noticias-2013\/","title":{"rendered":"Noticias 2013"},"content":{"rendered":"<h2 style=\"text-align: center;\"><span style=\"color: #187bc9;\"><strong>LISTADO DE NOTICIAS A\u00d1O 2013<\/strong><\/span><\/h2>\n<p><span style=\"color: #187bc9;\"><strong>Calendario Acad\u00e9mico 2014.<\/strong><\/span><a href=\"https:\/\/www.escuela-ambrosio.cl\/portal\/calendario-academico-2014\/\" target=\"_blank\"><img loading=\"lazy\" decoding=\"async\" class=\"size-full wp-image-613 alignright\" src=\"https:\/\/www.escuela-ambrosio.cl\/portal\/wp-content\/uploads\/calendario_news.jpg\" alt=\"calendario_news\" width=\"250\" height=\"69\" \/><\/a><\/p>\n<p style=\"text-align: justify;\">Hoy 30 de Diciembre de 2013 se informa que el a\u00f1o escolar 2014 se extender\u00e1 desde el lunes 3 de marzo al mi\u00e9rcoles 31 de diciembre de 2014.<\/p>\n<p><span style=\"color: #187bc9;\"><strong>Mensaje de Navidad y A\u00f1o Nuevo.<\/strong><\/span><a href=\"https:\/\/www.escuela-ambrosio.cl\/portal\/feliz-navidad\/\" target=\"_blank\"><img loading=\"lazy\" decoding=\"async\" class=\"size-full wp-image-611 alignright\" src=\"https:\/\/www.escuela-ambrosio.cl\/portal\/wp-content\/uploads\/mensaje-navidad_news.jpg\" alt=\"mensaje-navidad_news\" width=\"250\" height=\"69\" \/><\/a><\/p>\n<p style=\"text-align: justify;\">Nuestros director el Sr. Victor Nu\u00f1ez Rodriguez entreg\u00f3 un mensaje de Navidad y A\u00f1o Nuevo a toda la comunidad escolar.<\/p>\n<p><span style=\"color: #187bc9;\"><strong>Estudiantes Destacados a\u00f1o 2013.<\/strong><\/span><a href=\"https:\/\/www.escuela-ambrosio.cl\/portal\/estudiantes-destacados-2013\/\" target=\"_blank\"><img loading=\"lazy\" decoding=\"async\" class=\"size-full wp-image-608 alignright\" src=\"https:\/\/www.escuela-ambrosio.cl\/portal\/wp-content\/uploads\/destacados2013_news.jpg\" alt=\"destacados2013_news\" width=\"250\" height=\"69\" \/><\/a><\/p>\n<p style=\"text-align: justify;\">El d\u00eda Jueves 19 de Diciembre de 2013 se premi\u00f3 a los alumnos con esfuerzo, perseverancia y compromiso con sus familias y la comunidad educativa.<\/p>\n<p><span style=\"color: #187bc9;\"><strong>Felicitan a nuestra Escuela por logros en el Simce.<\/strong><\/span><a href=\"https:\/\/www.escuela-ambrosio.cl\/portal\/felicitan-a-nuestra-escuela-por-logros-en-el-simce\/\" target=\"_blank\"><img loading=\"lazy\" decoding=\"async\" class=\"size-full wp-image-605 alignright\" src=\"https:\/\/www.escuela-ambrosio.cl\/portal\/wp-content\/uploads\/felicitan-profesores_news.jpg\" alt=\"felicitan-profesores_news\" width=\"250\" height=\"69\" \/><\/a><\/p>\n<p style=\"text-align: justify;\">El d\u00eda Mi\u00e9rcoles 18 de Diciembre de 2013 recibimos la grata visita del Director DEM Coronel, don Jos\u00e9 Miguel Rodr\u00edguez con la finalidad de felicitarnos  por los buenos resultados obtenidos.<\/p>\n<p><span style=\"color: #187bc9;\"><strong>Licenciatura Octavo A\u00f1o B\u00e1sico (2013).<\/strong><\/span><a href=\"https:\/\/www.escuela-ambrosio.cl\/portal\/licenciatura-de-octavo-ano-2013\/\" target=\"_blank\"><img loading=\"lazy\" decoding=\"async\" class=\"size-full wp-image-602 alignright\" src=\"https:\/\/www.escuela-ambrosio.cl\/portal\/wp-content\/uploads\/licenciatura2013_news.jpg\" alt=\"licenciatura2013_news\" width=\"250\" height=\"69\" \/><\/a><\/p>\n<p style=\"text-align: justify;\">El d\u00eda Martes 10 de Diciembre de 2013 se efectu\u00f3 la licenciatura de 8\u00ba a\u00f1o b\u00e1sico, en ella se realizaron n\u00fameros art\u00edsticos, se premiaron a los alumnos m\u00e1s destacados, entre otras cosas.<\/p>\n<p><span style=\"color: #187bc9;\"><strong>1\u00aa Feria Patrimonial de Coronel.<\/strong><\/span><a href=\"https:\/\/www.escuela-ambrosio.cl\/portal\/primera-ferial-patrimonial\/\" target=\"_blank\"><img loading=\"lazy\" decoding=\"async\" class=\"size-full wp-image-600 alignright\" src=\"https:\/\/www.escuela-ambrosio.cl\/portal\/wp-content\/uploads\/feria-patrimonial_news.jpg\" alt=\"feria-patrimonial_news\" width=\"250\" height=\"69\" \/><\/a><\/p>\n<p style=\"text-align: justify;\">El d\u00eda Jueves 05 de Diciembre de 2013, se realiz\u00f3 en plaza Jorge Rojas Miranda  la \u201cPrimera Feria Patrimonial Coronel.<\/p>\n<p><strong><span style=\"color: #187bc9;\">1\u00ba Seminario Convivencia Escolar.<\/span><\/strong><strong><a href=\"https:\/\/www.escuela-ambrosio.cl\/portal\/seminario-rol-de-las-redes-de-apoyo-de-las-escuelas-municipalizadas-de-coronel\/\" target=\"_blank\"><img loading=\"lazy\" decoding=\"async\" class=\"size-full wp-image-598 alignright\" src=\"https:\/\/www.escuela-ambrosio.cl\/portal\/wp-content\/uploads\/seminario_news.jpg\" alt=\"seminario_news\" width=\"250\" height=\"69\" \/><\/a><\/strong><\/p>\n<p style=\"text-align: justify;\">El d\u00eda Mi\u00e9rcoles 04 de Diciembre de 2013, se realiz\u00f3 el \u201c1\u00ba Seminario Rol de las redes de apoyo de las Escuelas municipalizadas de Coronel\u201d.<\/p>\n<p><strong><span style=\"color: #187bc9;\">Grabaci\u00f3n Programa TVM\u00e1s.<\/span><a href=\"https:\/\/www.escuela-ambrosio.cl\/portal\/grabacion-programa-tvmas\/\" target=\"_blank\"><img loading=\"lazy\" decoding=\"async\" class=\"size-full wp-image-330 alignright\" src=\"https:\/\/www.escuela-ambrosio.cl\/portal\/wp-content\/uploads\/tvmas_news.jpg\" alt=\"tvmas_news\" width=\"250\" height=\"69\" \/><\/a><\/strong><\/p>\n<p style=\"text-align: justify;\">El d\u00eda Lunes 02 de Diciembre de 2013, se estuv\u00f3 grabando el programa DemTV que se transmitir\u00e1 en las pantallas de TVM\u00e1s.<\/p>\n<p><strong><span style=\"color: #187bc9;\">Celebraci\u00f3n D\u00eda del Apoderado.<\/span><a href=\"https:\/\/www.escuela-ambrosio.cl\/portal\/celebracion-dia-del-apoderado\/\" target=\"_blank\"><img loading=\"lazy\" decoding=\"async\" class=\"size-full wp-image-328 alignright\" src=\"https:\/\/www.escuela-ambrosio.cl\/portal\/wp-content\/uploads\/apoderado_news.jpg\" alt=\"apoderado_news\" width=\"250\" height=\"69\" \/><\/a><\/strong><\/p>\n<p style=\"text-align: justify;\">Mi\u00e9rcoles 20 de Noviembre de 2013 se celebr\u00f3 el d\u00eda del Apoderado en una entretenida ceremonia, en donde participaron profesores y alumnos.<\/p>\n<p><strong><span style=\"color: #187bc9;\">Senda La Cimarra.<\/span><a href=\"https:\/\/www.escuela-ambrosio.cl\/portal\/senda-la-cimarra\/\" target=\"_blank\"><img loading=\"lazy\" decoding=\"async\" class=\"size-full wp-image-326 alignright\" src=\"https:\/\/www.escuela-ambrosio.cl\/portal\/wp-content\/uploads\/cimarra_news.jpg\" alt=\"cimarra_news\" width=\"250\" height=\"69\" \/><\/a><\/strong><\/p>\n<p style=\"text-align: justify;\">El d\u00eda Martes 19 de Noviembre de 2013 se realiz\u00f3 a traves de Senda una actividad relacionada con \u201cLa Cimarra\u201d.<\/p>\n<p><strong><span style=\"color: #187bc9;\">Admisi\u00f3n Pre-K\u00ednder y K\u00ednder.<\/span><a href=\"https:\/\/www.escuela-ambrosio.cl\/portal\/admision-pre-kinder-y-kinder\/\" target=\"_blank\"><img loading=\"lazy\" decoding=\"async\" class=\"size-full wp-image-325 alignright\" src=\"https:\/\/www.escuela-ambrosio.cl\/portal\/wp-content\/uploads\/admision_news.jpg\" alt=\"admision_news\" width=\"250\" height=\"69\" \/><\/a><\/strong><\/p>\n<p style=\"text-align: justify;\">El d\u00eda Lunes 18 de Noviembre de 2013, Pre-K\u00ednder y K\u00ednder iniciaron el per\u00edodo de admisi\u00f3n 2014 para nuevos alumnos.<\/p>\n<p><strong><span style=\"color: #187bc9;\">Reuni\u00f3n de Reglamento de Convivencia.<\/span><a href=\"https:\/\/www.escuela-ambrosio.cl\/portal\/reunion-de-reglamento-de-convivencia\/\" target=\"_blank\"><img loading=\"lazy\" decoding=\"async\" class=\"size-full wp-image-323 alignright\" src=\"https:\/\/www.escuela-ambrosio.cl\/portal\/wp-content\/uploads\/reglamento_news.jpg\" alt=\"reglamento_news\" width=\"250\" height=\"69\" \/><\/a><\/strong><\/p>\n<p style=\"text-align: justify;\">El d\u00eda Mi\u00e9rcoles 13 de Noviembre de 2013, nuestros profesores y profesionales de la educaci\u00f3n se reunieron en una reuni\u00f3n para trabajar en el nuevo Reglamento de Convivencia.<\/p>\n<p><strong><span style=\"color: #187bc9;\">Presentaci\u00f3n Talleres 2013.<\/span><a href=\"https:\/\/www.escuela-ambrosio.cl\/portal\/presentacion-talleres-2013\/\" target=\"_blank\"><img loading=\"lazy\" decoding=\"async\" class=\"size-full wp-image-320 alignright\" src=\"https:\/\/www.escuela-ambrosio.cl\/portal\/wp-content\/uploads\/talleres_news.jpg\" alt=\"talleres_news\" width=\"250\" height=\"69\" \/><\/a><\/strong><\/p>\n<p style=\"text-align: justify;\">El d\u00eda Lunes 11 de Noviembre 2013, se realiz\u00f3 una presentaci\u00f3n a la comunidad escolar de los talleres que se han llevado a cabo este a\u00f1o.<\/p>\n<p><strong><span style=\"color: #187bc9;\">Taller Brigadas Tecnol\u00f3gicas.<\/span><a href=\"https:\/\/www.escuela-ambrosio.cl\/portal\/taller-brigadas-tecnologicas\/\" target=\"_blank\"><img loading=\"lazy\" decoding=\"async\" class=\"size-full wp-image-318 alignright\" src=\"https:\/\/www.escuela-ambrosio.cl\/portal\/wp-content\/uploads\/brigadas_news.jpg\" alt=\"brigadas_news\" width=\"250\" height=\"69\" \/><\/a><\/strong><\/p>\n<p style=\"text-align: justify;\">Entre los meses de Agosto y Septiembre de 2013, nuestros alumnos participaron en el Taller Brigadas Tecnol\u00f3gicas donde obtuvieron variados conocimientos.<\/p>\n<p style=\"text-align: justify;\"><strong><span style=\"color: #187bc9;\">Operaci\u00f3n Deyse.<\/span><a href=\"https:\/\/www.escuela-ambrosio.cl\/portal\/operacion-deyse\/\" target=\"_blank\"><img loading=\"lazy\" decoding=\"async\" class=\"size-full wp-image-315 alignright\" src=\"https:\/\/www.escuela-ambrosio.cl\/portal\/wp-content\/uploads\/dayse_news1.jpg\" alt=\"dayse_news\" width=\"250\" height=\"69\" \/><\/a><\/strong><\/p>\n<p style=\"text-align: justify;\">El d\u00eda Viernes 25 de Octubre de 2013 a las 13:15 Hrs, se realiz\u00f3 por tercera vez en el a\u00f1o la operaci\u00f3n deyse. Todo para ayudar a los alumnos a tener internalizado situciones de eventual peligro.<\/p>\n<p><strong><span style=\"color: #187bc9;\">D\u00eda del Profesor.<\/span><a href=\"https:\/\/www.escuela-ambrosio.cl\/portal\/dia-del-profesor\/\" target=\"_blank\"><img loading=\"lazy\" decoding=\"async\" class=\"size-full wp-image-312 alignright\" src=\"https:\/\/www.escuela-ambrosio.cl\/portal\/wp-content\/uploads\/dia-profe-news.jpg\" alt=\"dia-profe-news\" width=\"250\" height=\"69\" \/><\/a><\/strong><\/p>\n<p style=\"text-align: justify;\">Mi\u00e9rcoles 16 de Octubre de 2013 se celebr\u00f3 el d\u00eda del Profesor, participando todos los integrantes de la Escuela en el comendor de la Escuela.<\/p>\n<p><strong><span style=\"color: #187bc9;\">D\u00eda del Asistente de la Educaci\u00f3n.<\/span><a href=\"https:\/\/www.escuela-ambrosio.cl\/portal\/dia-del-asistente-de-la-educacion\/\" target=\"_blank\"><img loading=\"lazy\" decoding=\"async\" class=\"size-full wp-image-310 alignright\" src=\"https:\/\/www.escuela-ambrosio.cl\/portal\/wp-content\/uploads\/dia-asist-news.jpg\" alt=\"dia-asist-news\" width=\"250\" height=\"69\" \/><\/a><\/strong><\/p>\n<p style=\"text-align: justify;\">Los d\u00edas  Mi\u00e9rcoles 02 y Viernes 04 de Octubre de 2013, a trav\u00e9s de una amena jornada se celebr\u00f3 el d\u00eda del Asistente de la Educaci\u00f3n.<\/p>\n<p><strong><span style=\"color: #187bc9;\">Reuni\u00f3n Proyecci\u00f3n 2014.<\/span><a href=\"https:\/\/www.escuela-ambrosio.cl\/portal\/proyeccion-2014-escuela-ambrosio-ohiggins\/\" target=\"_blank\"><img loading=\"lazy\" decoding=\"async\" class=\"size-full wp-image-308 alignright\" src=\"https:\/\/www.escuela-ambrosio.cl\/portal\/wp-content\/uploads\/proyeccion-news.jpg\" alt=\"proyeccion-news\" width=\"250\" height=\"69\" \/><\/a><\/strong><\/p>\n<p style=\"text-align: justify;\">Los d\u00edas Martes 01 y Jueves 03 de Octubre de 2013, el Sr. Victor Nu\u00f1ez Rodriguez director de nuestra Escuela, realiz\u00f3 una reuni\u00f3n donde entreg\u00f3 informaci\u00f3n de Proyecci\u00f3n del a\u00f1o 2014.<\/p>\n<p><strong><span style=\"color: #187bc9;\">Simulacro de Terremoto (Operaci\u00f3n Deyse).<\/span><a href=\"https:\/\/www.escuela-ambrosio.cl\/portal\/simulacro-de-terremoto-operacion-deyse\/\" target=\"_blank\"><img loading=\"lazy\" decoding=\"async\" class=\"size-full wp-image-306 alignright\" src=\"https:\/\/www.escuela-ambrosio.cl\/portal\/wp-content\/uploads\/dayse_news.jpg\" alt=\"dayse_news\" width=\"250\" height=\"69\" \/><\/a><\/strong><\/p>\n<p style=\"text-align: justify;\">Por los sismos ocurridos recientemente, se realiz\u00f3 el d\u00eda Lunes 30 de Septiembre de 2013 a las 13:15 Hrs un Simulacro de Terremoto, \u00e9sto para estar preparados.<\/p>\n<p><strong><span style=\"color: #187bc9;\">Acto de Fiestas Patrias.<\/span><a href=\"https:\/\/www.escuela-ambrosio.cl\/portal\/acto-de-fiestas-patrias\/\" target=\"_blank\"><img loading=\"lazy\" decoding=\"async\" class=\"size-full wp-image-303 alignright\" src=\"https:\/\/www.escuela-ambrosio.cl\/portal\/wp-content\/uploads\/acto_18-news.jpg\" alt=\"acto_18-news\" width=\"250\" height=\"69\" \/><\/a><\/strong><\/p>\n<p style=\"text-align: justify;\">Mediante un acto sobre las Fiestas Patrias donde nuestros alumnos participaron activamente, el dia Martes 17 de Septiembre de 2013 se dan por terminadas las actividades de las festvidades de 18.<\/p>\n<p><strong><span style=\"color: #187bc9;\">Celebraci\u00f3n de Fiestas Patrias.<\/span><a href=\"https:\/\/www.escuela-ambrosio.cl\/portal\/celebracion-de-fiestas-patrias\/\" target=\"_blank\"><img loading=\"lazy\" decoding=\"async\" class=\"size-full wp-image-300 alignright\" src=\"https:\/\/www.escuela-ambrosio.cl\/portal\/wp-content\/uploads\/celebracion_18_news.jpg\" alt=\"celebracion_18_news\" width=\"250\" height=\"69\" \/><\/a><\/strong><\/p>\n<p style=\"text-align: justify;\">El Lunes 16 de Septiembre de 2013, los cursos se distribuyeron a trav\u00e9s de stand para ofrecer productos t\u00edpicos de estas festividades y compartieron con juegos t\u00edpicos.<\/p>\n<p><strong><span style=\"color: #187bc9;\">Elevando Volantines.<\/span><a href=\"https:\/\/www.escuela-ambrosio.cl\/portal\/elevando-volantines\/\" target=\"_blank\"><img loading=\"lazy\" decoding=\"async\" class=\"size-full wp-image-298 alignright\" src=\"https:\/\/www.escuela-ambrosio.cl\/portal\/wp-content\/uploads\/elevando_volantines-news.jpg\" alt=\"elevando_volantines-news\" width=\"250\" height=\"69\" \/><\/a><\/strong><\/p>\n<p style=\"text-align: justify;\">El d\u00eda Viernes 13 de Septiembre de 2013 nuestros alumnos disfrutaron de la proximidad de las Fiestas Patrias con una tarde de entretenci\u00f3n en la cancha frente al establecimiento.<\/p>\n<p><strong><span style=\"color: #187bc9;\">Desfile de Fiestas Patrias.<\/span><a href=\"https:\/\/www.escuela-ambrosio.cl\/portal\/desfile-de-fiestas-patrias\/\" target=\"_blank\"><img loading=\"lazy\" decoding=\"async\" class=\"size-full wp-image-295 alignright\" src=\"https:\/\/www.escuela-ambrosio.cl\/portal\/wp-content\/uploads\/desfile_fiestas-news.jpg\" alt=\"desfile_fiestas-news\" width=\"250\" height=\"69\" \/><\/a><\/strong><\/p>\n<p style=\"text-align: justify;\">El d\u00eda Viernes 13 de Septiembre de 2013, alumnos y profesores de nuestra Escuela participaron del Desfile de Fiestas Patrias que se realiz\u00f3 en Plaza de Armas de Coronel.<\/p>\n<p><strong><span style=\"color: #187bc9;\">Bono Logro Escolar.<\/span><a href=\"https:\/\/www.escuela-ambrosio.cl\/portal\/bono-logro-escolar\/\" target=\"_blank\"><img loading=\"lazy\" decoding=\"async\" class=\"size-full wp-image-293 alignright\" src=\"https:\/\/www.escuela-ambrosio.cl\/portal\/wp-content\/uploads\/bono-news.jpg\" alt=\"bono-news\" width=\"250\" height=\"69\" \/><\/a><\/strong><\/p>\n<p style=\"text-align: justify;\">El d\u00eda Lunes 02 de Septiembre de 2013, se entregaron diplomas de reconocimiento enviados por el Gobierno de Chile a nuestros alumnos que obtuvieron el Bono Logro Escolar.<\/p>\n<p><strong><span style=\"color: #187bc9;\">Desfile Aniversario de Coronel.<\/span><a href=\"https:\/\/www.escuela-ambrosio.cl\/portal\/desfile-aniversario-de-coronel\/\" target=\"_blank\"><img loading=\"lazy\" decoding=\"async\" class=\"size-full wp-image-291 alignright\" src=\"https:\/\/www.escuela-ambrosio.cl\/portal\/wp-content\/uploads\/desfile-coronel-news.jpg\" alt=\"desfile-coronel-news\" width=\"250\" height=\"69\" \/><\/a><\/strong><\/p>\n<p style=\"text-align: justify;\">El d\u00eda Viernes 30 de Agosto de 2013, alumnos de nuestra Escuela participaron en el desfile de aniversario 164 de Coronel, que se realiz\u00f3 en Plaza de Armas.<\/p>\n<p><strong><span style=\"color: #187bc9;\">Convivencia Vacaciones de Invierno.<\/span><a href=\"https:\/\/www.escuela-ambrosio.cl\/portal\/convivencia-vacaciones-de-invierno\/\" target=\"_blank\"><img loading=\"lazy\" decoding=\"async\" class=\"size-full wp-image-289 alignright\" src=\"https:\/\/www.escuela-ambrosio.cl\/portal\/wp-content\/uploads\/vacaciones-invierno-news.jpg\" alt=\"vacaciones-invierno-news\" width=\"250\" height=\"69\" \/><\/a><\/strong><\/p>\n<p style=\"text-align: justify;\">El d\u00eda Miercoles 10 Julio de 2013 a partir de las 12:00 Hrs, se di\u00f3 inicio a las actividades de conviencia para despedir el primer semestre y dar la bienvenida a las vacaciones de invierno.<\/p>\n<p><strong><span style=\"color: #187bc9;\">5\u00aa Consulta Mi Opini\u00f3n Cuenta.<\/span><a href=\"https:\/\/www.escuela-ambrosio.cl\/portal\/5a-consulta-mi-opinion-cuenta\/\" target=\"_blank\"><img loading=\"lazy\" decoding=\"async\" class=\"size-full wp-image-287 alignright\" src=\"https:\/\/www.escuela-ambrosio.cl\/portal\/wp-content\/uploads\/consulta-news.jpg\" alt=\"consulta-news\" width=\"250\" height=\"69\" \/><\/a><\/strong><\/p>\n<p style=\"text-align: justify;\">En el mes de Julio de 2013 se efectu\u00f3 en las dependencias de nuestra Escuela, la 5\u00aa consulta nacional Mi Opini\u00f3n Cuenta.<\/p>\n<p><strong><span style=\"color: #187bc9;\">Visita al Cicat.<\/span><a href=\"https:\/\/www.escuela-ambrosio.cl\/portal\/visita-al-cicat\/\" target=\"_blank\"><img loading=\"lazy\" decoding=\"async\" class=\"size-full wp-image-285 alignright\" src=\"https:\/\/www.escuela-ambrosio.cl\/portal\/wp-content\/uploads\/cicat-news.jpg\" alt=\"cicat-news\" width=\"250\" height=\"69\" \/><\/a><\/strong><\/p>\n<p style=\"text-align: justify;\">Nuestros alumnos de 5\u00ba b\u00e1sico realizaron una visita guiada por los monitores del Centro Interactivo de Ciencias, Artes y Tecnologias (Cicat) el d\u00eda Jueves 30 de Mayo de 2013.<\/p>\n<p><strong><span style=\"color: #187bc9;\">Simulacro de Incendio (Operacion Deyse).<\/span><a href=\"https:\/\/www.escuela-ambrosio.cl\/portal\/simulacro-de-incendio-operacion-deyse\/\" target=\"_blank\"><img loading=\"lazy\" decoding=\"async\" class=\"size-full wp-image-282 alignright\" src=\"https:\/\/www.escuela-ambrosio.cl\/portal\/wp-content\/uploads\/deyse-news.jpg\" alt=\"deyse-news\" width=\"250\" height=\"69\" \/><\/a><\/strong><\/p>\n<p style=\"text-align: justify;\">El d\u00eda Jueves 13 de Junio de 2013 a las 11:40 Hrs se efectu\u00f3 un simulacro de incendio, con el objetivo de estar preparados por cualquier eventualidad que pudiera suceder.<\/p>\n<p><strong><span style=\"color: #187bc9;\">Celebraci\u00f3n D\u00eda del Alumno.<\/span><a href=\"https:\/\/www.escuela-ambrosio.cl\/portal\/celebracion-dia-del-alumno\/\" target=\"_blank\"><img loading=\"lazy\" decoding=\"async\" class=\"size-full wp-image-280 alignright\" src=\"https:\/\/www.escuela-ambrosio.cl\/portal\/wp-content\/uploads\/dia-alumno-news.jpg\" alt=\"dia-alumno-news\" width=\"250\" height=\"69\" \/><\/a><\/strong><\/p>\n<p style=\"text-align: justify;\">El d\u00eda Martes 14 de Mayo de 2013 se celebr\u00f3 el D\u00eda del Alumno, donde se realizaron actividades y se premiaron a los mejores compa\u00f1eros de cada curso.<\/p>\n<p><span style=\"color: #187bc9;\"><strong>D\u00eda del Libro.<a href=\"https:\/\/www.escuela-ambrosio.cl\/portal\/dia-del-libro\/\" target=\"_blank\"><span style=\"color: #187bc9;\"><img loading=\"lazy\" decoding=\"async\" class=\"size-full wp-image-279 alignright\" src=\"https:\/\/www.escuela-ambrosio.cl\/portal\/wp-content\/uploads\/dia-libro-news.jpg\" alt=\"dia-libro-news\" width=\"250\" height=\"69\" \/><\/span><\/a><\/strong><\/span><\/p>\n<p style=\"text-align: justify;\">El d\u00eda Martes 23 de Abril de 2013 en la Escuela Ambrosio O\u2019Higgins, se celebr\u00f3 el D\u00eda del Libro con variadas actividades que se desarrollaron en la biblioteca del Establecimiento.<\/p>\n<p><strong><span style=\"color: #187bc9;\">D\u00eda de la Convivencia Escolar.<\/span><a href=\"https:\/\/www.escuela-ambrosio.cl\/portal\/dia-de-la-convivencia-escolar\/\" target=\"_blank\"><img loading=\"lazy\" decoding=\"async\" class=\"size-full wp-image-277 alignright\" src=\"https:\/\/www.escuela-ambrosio.cl\/portal\/wp-content\/uploads\/dia-convivencia-news.jpg\" alt=\"dia-convivencia-news\" width=\"250\" height=\"69\" \/><\/a><\/strong><\/p>\n<p style=\"text-align: justify;\">El d\u00eda Viernes 19 de Abril de 2013 se celebr\u00f3 el D\u00eda de la Convivencia Escolar, donde se realizaron variadas actividades en las cuales participaron todos los cursos del establecimiento.<\/p>\n<p><strong><span style=\"color: #187bc9;\">Paseo Jorge Alesandri.<\/span><a href=\"https:\/\/www.escuela-ambrosio.cl\/portal\/paseo-parque-jorge-alessandri\/\" target=\"_blank\"><img loading=\"lazy\" decoding=\"async\" class=\"size-full wp-image-276 alignright\" src=\"https:\/\/www.escuela-ambrosio.cl\/portal\/wp-content\/uploads\/alessandri-news.jpg\" alt=\"alessandri-news\" width=\"250\" height=\"69\" \/><\/a><\/strong><\/p>\n<p style=\"text-align: justify;\">El d\u00eda Martes 09 de Abril de 2013, la Escuela Ambrosio O\u2019Higgins realiz\u00f3 un paseo al parque Jorge Alessandri ubicado en el Km 18 sector Escuadr\u00f3n.<\/p>\n<p><strong><span style=\"color: #187bc9;\">Campamento de Verano.<\/span><a href=\"https:\/\/www.escuela-ambrosio.cl\/portal\/campamento-de-verano\/\" target=\"_blank\"><img loading=\"lazy\" decoding=\"async\" class=\"size-full wp-image-274 alignright\" src=\"https:\/\/www.escuela-ambrosio.cl\/portal\/wp-content\/uploads\/campamento-verano-news.jpg\" alt=\"campamento-verano-news\" width=\"250\" height=\"69\" \/><\/a><\/strong><\/p>\n<p style=\"text-align: justify;\">A comienzos del a\u00f1o 2013, alumnos de la Escuela Ambrosio O\u2019Higgins participaron del campamento de verano como una forma de disfrutar sus vacaciones.<\/p>\n","protected":false},"excerpt":{"rendered":"<p>LISTADO DE NOTICIAS A\u00d1O 2013 Calendario Acad\u00e9mico 2014. Hoy 30 de Diciembre de 2013 se informa que el a\u00f1o escolar 2014 se extender\u00e1 desde el lunes 3 de marzo al <a class=\"more-link\" href=\"https:\/\/www.escuela-ambrosio.cl\/portal\/noticias-2013\/\">Continue Reading \u2192<\/a><\/p>\n","protected":false},"author":1,"featured_media":0,"parent":0,"menu_order":0,"comment_status":"closed","ping_status":"closed","template":"","meta":{"footnotes":""},"class_list":["post-3867","page","type-page","status-publish","hentry"],"_links":{"self":[{"href":"https:\/\/www.escuela-ambrosio.cl\/portal\/wp-json\/wp\/v2\/pages\/3867","targetHints":{"allow":["GET"]}}],"collection":[{"href":"https:\/\/www.escuela-ambrosio.cl\/portal\/wp-json\/wp\/v2\/pages"}],"about":[{"href":"https:\/\/www.escuela-ambrosio.cl\/portal\/wp-json\/wp\/v2\/types\/page"}],"author":[{"embeddable":true,"href":"https:\/\/www.escuela-ambrosio.cl\/portal\/wp-json\/wp\/v2\/users\/1"}],"replies":[{"embeddable":true,"href":"https:\/\/www.escuela-ambrosio.cl\/portal\/wp-json\/wp\/v2\/comments?post=3867"}],"version-history":[{"count":1,"href":"https:\/\/www.escuela-ambrosio.cl\/portal\/wp-json\/wp\/v2\/pages\/3867\/revisions"}],"predecessor-version":[{"id":3868,"href":"https:\/\/www.escuela-ambrosio.cl\/portal\/wp-json\/wp\/v2\/pages\/3867\/revisions\/3868"}],"wp:attachment":[{"href":"https:\/\/www.escuela-ambrosio.cl\/portal\/wp-json\/wp\/v2\/media?parent=3867"}],"curies":[{"name":"wp","href":"https:\/\/api.w.org\/{rel}","templated":true}]}}