{"id":408,"date":"2013-12-16T17:43:38","date_gmt":"2013-12-16T17:43:38","guid":{"rendered":"http:\/\/www.escuela-ambrosio.cl\/portal\/?page_id=408"},"modified":"2017-04-17T18:05:32","modified_gmt":"2017-04-17T18:05:32","slug":"alza-en-puntajes-simce","status":"publish","type":"page","link":"https:\/\/www.escuela-ambrosio.cl\/portal\/alza-en-puntajes-simce\/","title":{"rendered":"Alza en Puntajes Simce"},"content":{"rendered":"<h2 style=\"text-align: center;\"><span style=\"color: #cc0000;\"><strong>Alza en Puntajes Simce.<\/strong><\/span><\/h2>\n<p style=\"text-align: justify;\">Recientemente (11 de Diciembre de 2013) la Agencia de Calidad de la Educaci\u00f3n, encargada de evaluar a los establecimientos educacionales, orientarlos para una mejora continua e informar a la comunidad educativa sobre los resultados de las evaluaciones que se realizan en las escuelas, colegios y liceos del pa\u00eds, hiz\u00f3 llegar una Cartilla Simce (2012) a los padres y apoderados.<\/p>\n<p>En el documento se encuentr\u00e1:<\/p>\n<ul>\n<li>El puntaje promedio obtenido por su establecimiento en las tres \u00faltimas pruebas Simce de Lenguaje y Matem\u00e1tica (4\u00ba b\u00e1sico).<\/li>\n<\/ul>\n<ul>\n<li>El puntaje Simce 2012 de Comprensi\u00f3n de Lectura (2\u00ba b\u00e1sico).<\/li>\n<\/ul>\n<p style=\"text-align: justify;\">Al respecto la escuela Ambrosio O&#8217;Higgins aparece ubicada entre 36 escuela b\u00e1sicas de la comuna de Coronel. Entre las municipales, la nuestra promedia los 3 \u00faltimos simces 260 puntos lo que comparado con su Grupo Socio Econ\u00f3mico (GSE) a nivel de cuarto b\u00e1sico se califica como muy alto con una tendencia al alza permanente. En cuanto al simce Comprensi\u00f3n Lectora 2\u00ba b\u00e1sico nuestra escuela presenta un puntaje de 239, similar en comparaci\u00f3n con su GSE.<\/p>\n<p style=\"text-align: justify;\">Entre 21 establecimientos municipales el nuestro se ubica en el 2\u00ba lugar comunal despues de la Escuela Maule.<\/p>\n<h6><em>* Fuente: Agencia de Calidad de la Educaci\u00f3n.<\/em><\/h6>\n","protected":false},"excerpt":{"rendered":"<p>Alza en Puntajes Simce. Recientemente (11 de Diciembre de 2013) la Agencia de Calidad de la Educaci\u00f3n, encargada de evaluar a los establecimientos educacionales, orientarlos para una mejora continua e <a class=\"more-link\" href=\"https:\/\/www.escuela-ambrosio.cl\/portal\/alza-en-puntajes-simce\/\">Continue Reading \u2192<\/a><\/p>\n","protected":false},"author":1,"featured_media":0,"parent":0,"menu_order":0,"comment_status":"closed","ping_status":"closed","template":"","meta":{"footnotes":""},"class_list":["post-408","page","type-page","status-publish","hentry"],"_links":{"self":[{"href":"https:\/\/www.escuela-ambrosio.cl\/portal\/wp-json\/wp\/v2\/pages\/408","targetHints":{"allow":["GET"]}}],"collection":[{"href":"https:\/\/www.escuela-ambrosio.cl\/portal\/wp-json\/wp\/v2\/pages"}],"about":[{"href":"https:\/\/www.escuela-ambrosio.cl\/portal\/wp-json\/wp\/v2\/types\/page"}],"author":[{"embeddable":true,"href":"https:\/\/www.escuela-ambrosio.cl\/portal\/wp-json\/wp\/v2\/users\/1"}],"replies":[{"embeddable":true,"href":"https:\/\/www.escuela-ambrosio.cl\/portal\/wp-json\/wp\/v2\/comments?post=408"}],"version-history":[{"count":7,"href":"https:\/\/www.escuela-ambrosio.cl\/portal\/wp-json\/wp\/v2\/pages\/408\/revisions"}],"predecessor-version":[{"id":3548,"href":"https:\/\/www.escuela-ambrosio.cl\/portal\/wp-json\/wp\/v2\/pages\/408\/revisions\/3548"}],"wp:attachment":[{"href":"https:\/\/www.escuela-ambrosio.cl\/portal\/wp-json\/wp\/v2\/media?parent=408"}],"curies":[{"name":"wp","href":"https:\/\/api.w.org\/{rel}","templated":true}]}}