{"id":41,"date":"2013-11-27T00:46:46","date_gmt":"2013-11-27T00:46:46","guid":{"rendered":"http:\/\/www.escuela-ambrosio.cl\/portal\/?page_id=41"},"modified":"2024-05-14T17:20:38","modified_gmt":"2024-05-14T17:20:38","slug":"vision","status":"publish","type":"page","link":"https:\/\/www.escuela-ambrosio.cl\/portal\/vision\/","title":{"rendered":"Visi\u00f3n"},"content":{"rendered":"<h2 style=\"text-align: center;\"><span style=\"color: #cc0000;\"><strong>Visi\u00f3n.<\/strong><\/span><\/h2>\n<p style=\"text-align: justify;\">Formaremos ni\u00f1os y ni\u00f1as que se respeten y valoren como personas, capaces de integrarse constructivamente en su comunidad, valorando y respetando el medioambiente, la diversidad, su entorno social y cultural con esp\u00edritu cr\u00edtico, reflexivo, creativo, colaborativo y val\u00f3rico que contribuyan significativamente en sus intereses y expectativas de vida en una sociedad cambiante e inclusiva.<\/p>\n<p style=\"text-align: center;\"><img loading=\"lazy\" decoding=\"async\" class=\"size-full wp-image-35 aligncenter\" src=\"https:\/\/www.escuela-ambrosio.cl\/portal\/wp-content\/uploads\/escuela_basica.png\" alt=\"escuela_basica\" width=\"200\" height=\"189\" \/><\/p>\n","protected":false},"excerpt":{"rendered":"<p>Visi\u00f3n. Formaremos ni\u00f1os y ni\u00f1as que se respeten y valoren como personas, capaces de integrarse constructivamente en su comunidad, valorando y respetando el medioambiente, la diversidad, su entorno social y <a class=\"more-link\" href=\"https:\/\/www.escuela-ambrosio.cl\/portal\/vision\/\">Continue Reading \u2192<\/a><\/p>\n","protected":false},"author":1,"featured_media":0,"parent":0,"menu_order":0,"comment_status":"closed","ping_status":"closed","template":"","meta":{"footnotes":""},"class_list":["post-41","page","type-page","status-publish","hentry"],"_links":{"self":[{"href":"https:\/\/www.escuela-ambrosio.cl\/portal\/wp-json\/wp\/v2\/pages\/41","targetHints":{"allow":["GET"]}}],"collection":[{"href":"https:\/\/www.escuela-ambrosio.cl\/portal\/wp-json\/wp\/v2\/pages"}],"about":[{"href":"https:\/\/www.escuela-ambrosio.cl\/portal\/wp-json\/wp\/v2\/types\/page"}],"author":[{"embeddable":true,"href":"https:\/\/www.escuela-ambrosio.cl\/portal\/wp-json\/wp\/v2\/users\/1"}],"replies":[{"embeddable":true,"href":"https:\/\/www.escuela-ambrosio.cl\/portal\/wp-json\/wp\/v2\/comments?post=41"}],"version-history":[{"count":6,"href":"https:\/\/www.escuela-ambrosio.cl\/portal\/wp-json\/wp\/v2\/pages\/41\/revisions"}],"predecessor-version":[{"id":7782,"href":"https:\/\/www.escuela-ambrosio.cl\/portal\/wp-json\/wp\/v2\/pages\/41\/revisions\/7782"}],"wp:attachment":[{"href":"https:\/\/www.escuela-ambrosio.cl\/portal\/wp-json\/wp\/v2\/media?parent=41"}],"curies":[{"name":"wp","href":"https:\/\/api.w.org\/{rel}","templated":true}]}}