{"id":43,"date":"2013-11-27T00:48:18","date_gmt":"2013-11-27T00:48:18","guid":{"rendered":"http:\/\/www.escuela-ambrosio.cl\/portal\/?page_id=43"},"modified":"2024-05-14T17:20:52","modified_gmt":"2024-05-14T17:20:52","slug":"mision","status":"publish","type":"page","link":"https:\/\/www.escuela-ambrosio.cl\/portal\/mision\/","title":{"rendered":"Misi\u00f3n"},"content":{"rendered":"<h2 style=\"text-align: center;\"><span style=\"color: #cc0000;\"><strong>Misi\u00f3n.<\/strong><\/span><\/h2>\n<p style=\"text-align: justify;\">Privilegiamos metodolog\u00edas desafiantes promoviendo el desarrollo de conocimientos, habilidades y actitudes a trav\u00e9s de aprendizajes significativos, inclusivos y de calidad con profesores (as) y asistentes de la educaci\u00f3n en permanente actualizaci\u00f3n. Padres y apoderados comprometidos con la formaci\u00f3n personal y socioemocional de las y los educandos y su inserci\u00f3n en la sociedad con capacidad cr\u00edtica, reflexiva, creativa, inclusiva, democr\u00e1tica y colaborativa.<\/p>\n<p style=\"text-align: center;\"><img loading=\"lazy\" decoding=\"async\" class=\"size-full wp-image-35 aligncenter\" src=\"https:\/\/www.escuela-ambrosio.cl\/portal\/wp-content\/uploads\/escuela_basica.png\" alt=\"escuela_basica\" width=\"200\" height=\"189\" \/><\/p>\n","protected":false},"excerpt":{"rendered":"<p>Misi\u00f3n. Privilegiamos metodolog\u00edas desafiantes promoviendo el desarrollo de conocimientos, habilidades y actitudes a trav\u00e9s de aprendizajes significativos, inclusivos y de calidad con profesores (as) y asistentes de la educaci\u00f3n en <a class=\"more-link\" href=\"https:\/\/www.escuela-ambrosio.cl\/portal\/mision\/\">Continue Reading \u2192<\/a><\/p>\n","protected":false},"author":1,"featured_media":0,"parent":0,"menu_order":0,"comment_status":"closed","ping_status":"closed","template":"","meta":{"footnotes":""},"class_list":["post-43","page","type-page","status-publish","hentry"],"_links":{"self":[{"href":"https:\/\/www.escuela-ambrosio.cl\/portal\/wp-json\/wp\/v2\/pages\/43","targetHints":{"allow":["GET"]}}],"collection":[{"href":"https:\/\/www.escuela-ambrosio.cl\/portal\/wp-json\/wp\/v2\/pages"}],"about":[{"href":"https:\/\/www.escuela-ambrosio.cl\/portal\/wp-json\/wp\/v2\/types\/page"}],"author":[{"embeddable":true,"href":"https:\/\/www.escuela-ambrosio.cl\/portal\/wp-json\/wp\/v2\/users\/1"}],"replies":[{"embeddable":true,"href":"https:\/\/www.escuela-ambrosio.cl\/portal\/wp-json\/wp\/v2\/comments?post=43"}],"version-history":[{"count":6,"href":"https:\/\/www.escuela-ambrosio.cl\/portal\/wp-json\/wp\/v2\/pages\/43\/revisions"}],"predecessor-version":[{"id":7783,"href":"https:\/\/www.escuela-ambrosio.cl\/portal\/wp-json\/wp\/v2\/pages\/43\/revisions\/7783"}],"wp:attachment":[{"href":"https:\/\/www.escuela-ambrosio.cl\/portal\/wp-json\/wp\/v2\/media?parent=43"}],"curies":[{"name":"wp","href":"https:\/\/api.w.org\/{rel}","templated":true}]}}