{"id":47,"date":"2013-11-27T00:56:12","date_gmt":"2013-11-27T00:56:12","guid":{"rendered":"http:\/\/www.escuela-ambrosio.cl\/portal\/?page_id=47"},"modified":"2026-04-14T14:23:50","modified_gmt":"2026-04-14T14:23:50","slug":"proyecto-pie","status":"publish","type":"page","link":"https:\/\/www.escuela-ambrosio.cl\/portal\/proyecto-pie\/","title":{"rendered":"Proyecto PIE"},"content":{"rendered":"<h2 style=\"text-align: center;\"><span style=\"color: #cc0000;\"><strong>Proyecto PIE.<\/strong><\/span><\/h2>\n<p style=\"text-align: justify;\">Es un proyecto de integraci\u00f3n educativa, el cual se ocupa de atender las necesidades educativas especiales de alumnos que evidencian alguna necesidad para progresar en el curriculum.<\/p>\n<p style=\"text-align: justify;\">En nuestro establecimiento se atiende una buena cantidad de alumnos, los cuales asisten semanalmente gracias\u00a0 a un apoyo pedag\u00f3gico perzonalizado con sus profesoras especialistas, adem\u00e1s de recibir apoyo pedag\u00f3gico al interior del aula com\u00fan.<\/p>\n<p style=\"text-align: justify;\"><strong><span style=\"color: #cc0000;\">Necesidades Educativas Especiales.<\/span><\/strong><\/p>\n<p style=\"text-align: justify;\">Necesidades educativas especiales, son aquellas que precisan ayuda y recursos adicionales, ya sean humanos, materiales o pedag\u00f3gicos, para conducir el proceso de desarrollo y aprendizaje.<\/p>\n<p style=\"text-align: justify;\">Dentro de las necesidades educativas especiales que se atienden debemos mencionar:<\/p>\n<ul>\n<li>TDA: Transtorno por Deficit Atencional con y sin Hiperactividad.<\/li>\n<li>TEL: Transtorno del Lenguaje ya sea mixto o expresivo.<\/li>\n<li>DEA: Dificultades Especificas de Aprendizaje.<\/li>\n<li>DI: Discapacidad Intelectual.<\/li>\n<\/ul>\n<p style=\"text-align: justify;\">Los alumnos tambi\u00e9n son atendidos por: un kinesi\u00f3logo dado que presentan un trastorno motor, un psic\u00f3logo para los alumnos con diagn\u00f3stico de trastorno por deficit atencional y por un fonoaudi\u00f3logo los ni\u00f1os con trastornos de lenguaje.<\/p>\n<p style=\"text-align: justify;\">En conclusi\u00f3n, existe un equipo multiprofesional dedicado a responder a las necesidades educativas especiales de alumnos integrantes del pie.<\/p>\n<p style=\"text-align: justify;\"><strong><span style=\"color: #cc0000;\">Profesionales Integrantes del Pie.<\/span><\/strong><\/p>\n<ul>\n<li>Karina Alarcon Casanova \u2013 Coordinadora.<\/li>\n<li>Mar\u00eda Eliana Fernandez \u2013 Educadora Diferencial.<\/li>\n<li>Julie Del Campo Medina &#8211; Educadora Diferencial.<\/li>\n<li>Francisca Salas \u2013 Educadora Diferencial.<\/li>\n<li>Juan Plasencio Sanhueza \u2013 Fonoaudi\u00f3logo.<\/li>\n<li>Jordan Torres Toloza \u2013 Psic\u00f3logo.<\/li>\n<li>Israel Aguayo Ocares \u2013 Kinesi\u00f3logo.<\/li>\n<\/ul>\n","protected":false},"excerpt":{"rendered":"<p>Proyecto PIE. Es un proyecto de integraci\u00f3n educativa, el cual se ocupa de atender las necesidades educativas especiales de alumnos que evidencian alguna necesidad para progresar en el curriculum. En <a class=\"more-link\" href=\"https:\/\/www.escuela-ambrosio.cl\/portal\/proyecto-pie\/\">Continue Reading \u2192<\/a><\/p>\n","protected":false},"author":1,"featured_media":0,"parent":0,"menu_order":0,"comment_status":"closed","ping_status":"closed","template":"","meta":{"footnotes":""},"class_list":["post-47","page","type-page","status-publish","hentry"],"_links":{"self":[{"href":"https:\/\/www.escuela-ambrosio.cl\/portal\/wp-json\/wp\/v2\/pages\/47","targetHints":{"allow":["GET"]}}],"collection":[{"href":"https:\/\/www.escuela-ambrosio.cl\/portal\/wp-json\/wp\/v2\/pages"}],"about":[{"href":"https:\/\/www.escuela-ambrosio.cl\/portal\/wp-json\/wp\/v2\/types\/page"}],"author":[{"embeddable":true,"href":"https:\/\/www.escuela-ambrosio.cl\/portal\/wp-json\/wp\/v2\/users\/1"}],"replies":[{"embeddable":true,"href":"https:\/\/www.escuela-ambrosio.cl\/portal\/wp-json\/wp\/v2\/comments?post=47"}],"version-history":[{"count":14,"href":"https:\/\/www.escuela-ambrosio.cl\/portal\/wp-json\/wp\/v2\/pages\/47\/revisions"}],"predecessor-version":[{"id":7815,"href":"https:\/\/www.escuela-ambrosio.cl\/portal\/wp-json\/wp\/v2\/pages\/47\/revisions\/7815"}],"wp:attachment":[{"href":"https:\/\/www.escuela-ambrosio.cl\/portal\/wp-json\/wp\/v2\/media?parent=47"}],"curies":[{"name":"wp","href":"https:\/\/api.w.org\/{rel}","templated":true}]}}