{"id":90,"date":"2013-12-02T21:55:09","date_gmt":"2013-12-02T21:55:09","guid":{"rendered":"http:\/\/www.escuela-ambrosio.cl\/portal\/?page_id=90"},"modified":"2017-04-17T18:25:54","modified_gmt":"2017-04-17T18:25:54","slug":"instituciones-oficiales","status":"publish","type":"page","link":"https:\/\/www.escuela-ambrosio.cl\/portal\/instituciones-oficiales\/","title":{"rendered":"Instituciones Oficiales"},"content":{"rendered":"<h2 style=\"text-align: center;\"><span style=\"color: #cc0000;\"><strong>Instituciones Oficiales.<\/strong><\/span><\/h2>\n<p><strong><span style=\"color: #cc0000;\">DEM Coronel.<\/span><\/strong><\/p>\n<p style=\"text-align: justify;\"><a href=\"http:\/\/www.demcoronel.cl\" target=\"_blank\"><img loading=\"lazy\" decoding=\"async\" class=\"size-full wp-image-91 alignleft\" alt=\"dem-coronel\" src=\"https:\/\/www.escuela-ambrosio.cl\/portal\/wp-content\/uploads\/dem-coronel.png\" width=\"145\" height=\"72\" \/><\/a>Direcci\u00f3n de Educaci\u00f3n Municipal de Coronel es el organismo que procura las condiciones \u00f3ptimas para el desarrollo del progreso educativo en los Establecimientos de Ense\u00f1anza a cargo de la Municipalidad.<\/p>\n<p style=\"text-align: justify;\">Tambi\u00e9n el eficiente desarrollo de las actividades administrativas de los establecimientos educacionales y vigilar el estricto cumplimiento de las normas t\u00e9cnicas pedag\u00f3gicas impartidas por el Ministerio de Educaci\u00f3n.<\/p>\n<p><span style=\"color: #cc0000;\"><strong>Superintendencia de Educaci\u00f3n Escolar.<\/strong><\/span><\/p>\n<p style=\"text-align: justify;\"><a href=\"http:\/\/www.supereduc.cl\/\" target=\"_blank\"><img loading=\"lazy\" decoding=\"async\" class=\"size-full wp-image-633 alignleft\" alt=\"Superintendencia\" src=\"https:\/\/www.escuela-ambrosio.cl\/portal\/wp-content\/uploads\/Superintendencia.png\" width=\"110\" height=\"100\" \/><\/a>La Superintendencia de Educaci\u00f3n Escolar es un servicio p\u00fablico que tiene por objeto fiscalizar el cumplimiento de la normativa educacional y la legalidad del uso de los recursos por los sostenedores de los establecimientos educacionales, proporcionar informaci\u00f3n a la comunidad educativa y atender las denuncias y reclamos que la comunidad presente.<\/p>\n<p style=\"text-align: justify;\">Tiene por misi\u00f3n velar para que todos los estudiantes del pa\u00eds cuenten con establecimientos educacionales que aseguren una educaci\u00f3n de calidad y resguardar que todos los recursos que entrega el Estado sean utilizados efectivamente en la educaci\u00f3n de los ni\u00f1os y ni\u00f1as.<\/p>\n<p style=\"text-align: justify;\"><span style=\"color: #cc0000;\"><strong>Ministerio de Educaci\u00f3n.<\/strong><\/span><\/p>\n<p style=\"text-align: justify;\"><a href=\"http:\/\/www.mineduc.cl\" target=\"_blank\"><img loading=\"lazy\" decoding=\"async\" class=\"size-full wp-image-92 alignleft\" alt=\"mineduc\" src=\"https:\/\/www.escuela-ambrosio.cl\/portal\/wp-content\/uploads\/mineduc.png\" width=\"110\" height=\"100\" \/><\/a>El Ministerio de Educaci\u00f3n (MINEDUC) es el ministerio de Estado encargado de fomentar el desarrollo de la educaci\u00f3n en todos sus niveles; asegurar a toda la poblaci\u00f3n el acceso a la educaci\u00f3n b\u00e1sica; estimular la investigaci\u00f3n cient\u00edfica y tecnol\u00f3gica y la creaci\u00f3n art\u00edstica, y la protecci\u00f3n e incremento del patrimonio cultural de la Naci\u00f3n.<\/p>\n<p style=\"text-align: justify;\">La misi\u00f3n del Ministerio de Educaci\u00f3n es asegurar un sistema educativo equitativo y de calidad que contribuya a la formaci\u00f3n integral y permanente de las personas y al desarrollo del pa\u00eds, mediante la formulaci\u00f3n e implementaci\u00f3n de pol\u00edticas, normas y regulaci\u00f3n sectorial.<\/p>\n<p style=\"text-align: justify;\"><span style=\"color: #cc0000;\"><strong>Universidad de Concepci\u00f3n.<\/strong><\/span><\/p>\n<p style=\"text-align: justify;\"><a href=\"http:\/\/www.udec.cl\" target=\"_blank\"><img loading=\"lazy\" decoding=\"async\" class=\"size-full wp-image-93 alignleft\" alt=\"udec\" src=\"https:\/\/www.escuela-ambrosio.cl\/portal\/wp-content\/uploads\/udec.png\" width=\"180\" height=\"53\" \/><\/a>La Universidad de Concepci\u00f3n, tambi\u00e9n conocida por su acr\u00f3nimo UdeC, es una universidad privada tradicional chilena, y una de las de mayor tradici\u00f3n y prestigio de Chile, considerada compleja por su extensi\u00f3n investigativa en las diversas \u00e1reas del conocimiento. Fundada el 14 de mayo de 1919, es la tercera universidad m\u00e1s antigua de Chile, y una de las veinticinco universidades pertenecientes al Consejo de Rectores de las Universidades Chilenas.<\/p>\n<p style=\"text-align: justify;\"><span style=\"color: #cc0000;\"><strong>EducarChile.<\/strong><\/span><\/p>\n<p style=\"text-align: justify;\"><a href=\"http:\/\/www.educarchile.cl\" target=\"_blank\"><img loading=\"lazy\" decoding=\"async\" class=\"size-full wp-image-94 alignleft\" alt=\"educarchile\" src=\"https:\/\/www.escuela-ambrosio.cl\/portal\/wp-content\/uploads\/educarchile.png\" width=\"300\" height=\"75\" \/><\/a>Es un portal aut\u00f3nomo, pluralista y de servicio p\u00fablico que cuenta con la colaboraci\u00f3n de los sectores p\u00fablico, privado y filantr\u00f3pico.<\/p>\n<p>Concurren a su creaci\u00f3n el Ministerio de Educaci\u00f3n de Chile y la Fundaci\u00f3n Chile. Nace de la confluencia de los sitios educativos de la Red Enlaces del Ministerio de Educaci\u00f3n y del Programa de Educaci\u00f3n de la Fundaci\u00f3n Chile.<\/p>\n<p style=\"text-align: justify;\"><span style=\"color: #cc0000;\"><strong>Proyecto Enlaces.<\/strong><\/span><\/p>\n<p style=\"text-align: justify;\"><a href=\"http:\/\/www.enlaces.cl\" target=\"_blank\"><img loading=\"lazy\" decoding=\"async\" class=\"size-full wp-image-95 alignleft\" alt=\"enlaces-\" src=\"https:\/\/www.escuela-ambrosio.cl\/portal\/wp-content\/uploads\/enlaces-.png\" width=\"111\" height=\"100\" \/><\/a>Enlaces es el Centro de Educaci\u00f3n y Tecnolog\u00eda del Ministerio de Educaci\u00f3n. Naci\u00f3 en 1992 como un proyecto piloto con el objetivo de entregar infraestructura tecnol\u00f3gica, contenidos digitales educativos y capacitaci\u00f3n docente en todas las escuelas y liceos subvencionados del pa\u00eds. A lo largo de estos a\u00f1os Enlaces se ha transformado en el motor de la innovaci\u00f3n y la incorporaci\u00f3n de las Nuevas Tecnolog\u00edas de la Informaci\u00f3n y Comunicaci\u00f3n (TIC) en la educaci\u00f3n chilena.<\/p>\n<p style=\"text-align: justify;\">Enlaces tiene como misi\u00f3n contribuir al mejoramiento de la calidad de la educaci\u00f3n mediante la inform\u00e1tica educativa y el desarrollo de una cultura digital, permitiendo que millones de chilenos accedan a las oportunidades que entregan las nuevas tecnolog\u00edas de informaci\u00f3n y comunicaci\u00f3n (TIC).<\/p>\n<p style=\"text-align: justify;\"><span style=\"color: #cc0000;\"><strong>Elige Vivir Sano.<\/strong><\/span><\/p>\n<p style=\"text-align: justify;\"><a href=\"http:\/\/www.eligevivirsano.cl\" target=\"_blank\"><img loading=\"lazy\" decoding=\"async\" class=\"size-full wp-image-96 alignleft\" alt=\"vivir-sano\" src=\"https:\/\/www.escuela-ambrosio.cl\/portal\/wp-content\/uploads\/vivir-sano.png\" width=\"114\" height=\"100\" \/><\/a>Contribuir a la instalaci\u00f3n de pr\u00e1cticas de vida saludable en toda la poblaci\u00f3n, con el fin de disminuir los factores y conductas de riesgo asociados a las Enfermedades Cr\u00f3nicas No Trasmisibles.<\/p>\n<p style=\"text-align: justify;\">El Programa es una iniciativa encabezada por la Primera Dama, Cecilia Morel Montes. Participan activamente la Presidencia de la Rep\u00fablica, el Ministerio de Salud, el Ministerio de Educaci\u00f3n, el Ministerio de Agricultura, el Ministerio de Desarrollo Social y el Instituto Nacional del Deporte, adem\u00e1s de otros ministerios y servicios p\u00fablicos.<\/p>\n<p style=\"text-align: justify;\"><span style=\"color: #cc0000;\"><strong>Senda.<\/strong><\/span><\/p>\n<p style=\"text-align: justify;\"><a href=\"http:\/\/www.senda.cl\" target=\"_blank\"><img loading=\"lazy\" decoding=\"async\" class=\"size-full wp-image-97 alignleft\" alt=\"senda\" src=\"https:\/\/www.escuela-ambrosio.cl\/portal\/wp-content\/uploads\/senda.jpg\" width=\"140\" height=\"140\" \/><\/a>El Servicio Nacional para la Prevenci\u00f3n y Rehabilitaci\u00f3n del Consumo de Drogas y Alcohol (SENDA) es la entidad del Gobierno de Chile responsable de elaborar las pol\u00edticas de prevenci\u00f3n del consumo de drogas y alcohol, as\u00ed como de tratamiento, rehabilitaci\u00f3n y reinserci\u00f3n social de las personas afectadas por estas sustancias.<\/p>\n<p style=\"text-align: justify;\">El Servicio Nacional para la Prevenci\u00f3n y Rehabilitaci\u00f3n del Consumo de Drogas y Alcohol (SENDA), radicado en el Ministerio del Interior y Seguridad P\u00fablica, fue creado por la Ley N\u00b0 20.502, la que fue promulgada por el Presidente Sebasti\u00e1n Pi\u00f1era el 21 de febrero de 2011.<\/p>\n<p>Respecto del Programa Chile Previene en la Escuela (CHPE) nuestro director se\u00f1ala&#8230; \u00abque el Sistema Chile Previene en la Escuela, a cargo de Senda Previene, ha significado un aporte de gran importancia para ayudar a los alumnos y alumnas que est\u00e1n en riesgo evidente de caer en el consumo o tr\u00e1fico de Drogas. Por un lado el Programa Actitud que ha sido trabajado transversalmente por todos los cursos en la hora de Consejo con una clara intenci\u00f3n preventiva y el Programa a Tiempo que de manera selectiva a brindado apoyo a alumnos y alumnas de 7\u00ba y 8\u00ba a\u00f1o que presentan el mayor riesgo.<br \/>\nEsto ha significado instalar capacidades en la escuela, para continuar con el Programa de Prevenci\u00f3n una vez que terminen los 3 a\u00f1os de implementaci\u00f3n, lo que se fortalece con los 2 diplomados que obtuvieron docentes de la escuela.<br \/>\nSin duda nada de esto ser\u00eda posible sin el trabajo de Mariela Beltr\u00e1n, Gestora del Programa quien se destac\u00f3 por su compromiso y empat\u00eda con todos los miembros de la comunidad educativa\u00bb.<\/p>\n","protected":false},"excerpt":{"rendered":"<p>Instituciones Oficiales. DEM Coronel. Direcci\u00f3n de Educaci\u00f3n Municipal de Coronel es el organismo que procura las condiciones \u00f3ptimas para el desarrollo del progreso educativo en los Establecimientos de Ense\u00f1anza a <a class=\"more-link\" href=\"https:\/\/www.escuela-ambrosio.cl\/portal\/instituciones-oficiales\/\">Continue Reading \u2192<\/a><\/p>\n","protected":false},"author":1,"featured_media":0,"parent":0,"menu_order":0,"comment_status":"closed","ping_status":"closed","template":"","meta":{"footnotes":""},"class_list":["post-90","page","type-page","status-publish","hentry"],"_links":{"self":[{"href":"https:\/\/www.escuela-ambrosio.cl\/portal\/wp-json\/wp\/v2\/pages\/90","targetHints":{"allow":["GET"]}}],"collection":[{"href":"https:\/\/www.escuela-ambrosio.cl\/portal\/wp-json\/wp\/v2\/pages"}],"about":[{"href":"https:\/\/www.escuela-ambrosio.cl\/portal\/wp-json\/wp\/v2\/types\/page"}],"author":[{"embeddable":true,"href":"https:\/\/www.escuela-ambrosio.cl\/portal\/wp-json\/wp\/v2\/users\/1"}],"replies":[{"embeddable":true,"href":"https:\/\/www.escuela-ambrosio.cl\/portal\/wp-json\/wp\/v2\/comments?post=90"}],"version-history":[{"count":8,"href":"https:\/\/www.escuela-ambrosio.cl\/portal\/wp-json\/wp\/v2\/pages\/90\/revisions"}],"predecessor-version":[{"id":3552,"href":"https:\/\/www.escuela-ambrosio.cl\/portal\/wp-json\/wp\/v2\/pages\/90\/revisions\/3552"}],"wp:attachment":[{"href":"https:\/\/www.escuela-ambrosio.cl\/portal\/wp-json\/wp\/v2\/media?parent=90"}],"curies":[{"name":"wp","href":"https:\/\/api.w.org\/{rel}","templated":true}]}}